{"id":21067,"date":"2025-10-02T18:16:02","date_gmt":"2025-10-02T16:16:02","guid":{"rendered":"https:\/\/www.cavedesamandiers.ch\/product\/franc-de-pied-syrah\/"},"modified":"2025-10-02T18:16:02","modified_gmt":"2025-10-02T16:16:02","slug":"franc-de-pied-syrah","status":"publish","type":"product","link":"https:\/\/www.cavedesamandiers.ch\/en\/product\/franc-de-pied-syrah\/","title":{"rendered":"Franc de Pied &#8211; Syrah"},"content":{"rendered":"<p><em>The vines come from a massal selection planted free-standing, without rootstock. This is made possible by the plot&#8217;s sandy soil composition, which does not allow phylloxera to dig its galleries. The vines are planted in grass, perpendicular to the slope and facing south-east. The soils are poor, with few nutrients, a pH of 6.7 and a total absence of limestone. In vinification, we keep a maximum of 35% whole bunches; the rest is destemmed and not crushed, vinified with spontaneous yeasts. Vatting lasts about three weeks. The wine is aged 50% in Wine Globe and the balance in used barrels.<\/em><\/p>\n","protected":false},"excerpt":{"rendered":"<p><strong>The aim of this cuv\u00e9e is to recapture the taste of yesteryear and delve into the heart of the terroir, freeing it from its American roots.<\/strong>  On this vine, we observed a slightly later ripening, but also better health than our other Syrahs in the same sector. The result is a wine of great freshness, without too much alcohol and at full phenolic maturity: it tastes upright, sapid and aromatic. And it holds its shape very well!<\/p>\n","protected":false},"featured_media":21068,"template":"","meta":[],"product_brand":[],"product_cat":[230,200],"product_tag":[],"class_list":{"0":"post-21067","1":"product","2":"type-product","3":"status-publish","4":"has-post-thumbnail","6":"product_cat-divers","7":"product_cat-spirit-les-terroirs-red","9":"first","10":"instock","11":"taxable","12":"shipping-taxable","13":"product-type-external"},"yoast_head":"<!-- This site is optimized with the Yoast SEO plugin v26.2 - https:\/\/yoast.com\/wordpress\/plugins\/seo\/ -->\n<title>Franc de Pied - Syrah - Cave des Amandiers<\/title>\n<meta name=\"robots\" content=\"index, follow, max-snippet:-1, max-image-preview:large, max-video-preview:-1\" \/>\n<link rel=\"canonical\" href=\"https:\/\/www.cavedesamandiers.ch\/en\/product\/franc-de-pied-syrah\/\" \/>\n<meta property=\"og:locale\" content=\"en_US\" \/>\n<meta property=\"og:type\" content=\"article\" \/>\n<meta property=\"og:title\" content=\"Franc de Pied - Syrah - Cave des Amandiers\" \/>\n<meta property=\"og:description\" content=\"The aim of this cuv\u00e9e is to recapture the taste of yesteryear and delve into the heart of the terroir, freeing it from its American roots. On this vine, we observed a slightly later ripening, but also better health than our other Syrahs in the same sector. The result is a wine of great freshness, without too much alcohol and at full phenolic maturity: it tastes upright, sapid and aromatic. And it holds its shape very well!\" \/>\n<meta property=\"og:url\" content=\"https:\/\/www.cavedesamandiers.ch\/en\/product\/franc-de-pied-syrah\/\" \/>\n<meta property=\"og:site_name\" content=\"Cave des Amandiers\" \/>\n<meta property=\"og:image\" content=\"https:\/\/www.cavedesamandiers.ch\/wp-content\/uploads\/2025\/09\/Franc-de-Pied_DET.png\" \/>\n\t<meta property=\"og:image:width\" content=\"2500\" \/>\n\t<meta property=\"og:image:height\" content=\"2500\" \/>\n\t<meta property=\"og:image:type\" content=\"image\/png\" \/>\n<meta name=\"twitter:card\" content=\"summary_large_image\" \/>\n<script type=\"application\/ld+json\" class=\"yoast-schema-graph\">{\"@context\":\"https:\/\/schema.org\",\"@graph\":[{\"@type\":\"WebPage\",\"@id\":\"https:\/\/www.cavedesamandiers.ch\/en\/product\/franc-de-pied-syrah\/\",\"url\":\"https:\/\/www.cavedesamandiers.ch\/en\/product\/franc-de-pied-syrah\/\",\"name\":\"Franc de Pied - Syrah - Cave des Amandiers\",\"isPartOf\":{\"@id\":\"https:\/\/www.cavedesamandiers.ch\/en\/#website\"},\"primaryImageOfPage\":{\"@id\":\"https:\/\/www.cavedesamandiers.ch\/en\/product\/franc-de-pied-syrah\/#primaryimage\"},\"image\":{\"@id\":\"https:\/\/www.cavedesamandiers.ch\/en\/product\/franc-de-pied-syrah\/#primaryimage\"},\"thumbnailUrl\":\"https:\/\/www.cavedesamandiers.ch\/wp-content\/uploads\/2025\/09\/Franc-de-Pied_DET.png\",\"datePublished\":\"2025-10-02T16:16:02+00:00\",\"breadcrumb\":{\"@id\":\"https:\/\/www.cavedesamandiers.ch\/en\/product\/franc-de-pied-syrah\/#breadcrumb\"},\"inLanguage\":\"en-US\",\"potentialAction\":[{\"@type\":\"ReadAction\",\"target\":[\"https:\/\/www.cavedesamandiers.ch\/en\/product\/franc-de-pied-syrah\/\"]}]},{\"@type\":\"ImageObject\",\"inLanguage\":\"en-US\",\"@id\":\"https:\/\/www.cavedesamandiers.ch\/en\/product\/franc-de-pied-syrah\/#primaryimage\",\"url\":\"https:\/\/www.cavedesamandiers.ch\/wp-content\/uploads\/2025\/09\/Franc-de-Pied_DET.png\",\"contentUrl\":\"https:\/\/www.cavedesamandiers.ch\/wp-content\/uploads\/2025\/09\/Franc-de-Pied_DET.png\",\"width\":2500,\"height\":2500},{\"@type\":\"BreadcrumbList\",\"@id\":\"https:\/\/www.cavedesamandiers.ch\/en\/product\/franc-de-pied-syrah\/#breadcrumb\",\"itemListElement\":[{\"@type\":\"ListItem\",\"position\":1,\"name\":\"Accueil\",\"item\":\"https:\/\/www.cavedesamandiers.ch\/en\/\"},{\"@type\":\"ListItem\",\"position\":2,\"name\":\"Wines\",\"item\":\"https:\/\/www.cavedesamandiers.ch\/en\/shop\/\"},{\"@type\":\"ListItem\",\"position\":3,\"name\":\"Franc de Pied &#8211; Syrah\"}]},{\"@type\":\"WebSite\",\"@id\":\"https:\/\/www.cavedesamandiers.ch\/en\/#website\",\"url\":\"https:\/\/www.cavedesamandiers.ch\/en\/\",\"name\":\"Cave des Amandiers\",\"description\":\"\u00abIl faut r\u00eaver tr\u00e8s haut pour ne pas r\u00e9aliser trop bas\u00bb\",\"potentialAction\":[{\"@type\":\"SearchAction\",\"target\":{\"@type\":\"EntryPoint\",\"urlTemplate\":\"https:\/\/www.cavedesamandiers.ch\/en\/?s={search_term_string}\"},\"query-input\":{\"@type\":\"PropertyValueSpecification\",\"valueRequired\":true,\"valueName\":\"search_term_string\"}}],\"inLanguage\":\"en-US\"}]}<\/script>\n<!-- \/ Yoast SEO plugin. -->","yoast_head_json":{"title":"Franc de Pied - Syrah - Cave des Amandiers","robots":{"index":"index","follow":"follow","max-snippet":"max-snippet:-1","max-image-preview":"max-image-preview:large","max-video-preview":"max-video-preview:-1"},"canonical":"https:\/\/www.cavedesamandiers.ch\/en\/product\/franc-de-pied-syrah\/","og_locale":"en_US","og_type":"article","og_title":"Franc de Pied - Syrah - Cave des Amandiers","og_description":"The aim of this cuv\u00e9e is to recapture the taste of yesteryear and delve into the heart of the terroir, freeing it from its American roots. On this vine, we observed a slightly later ripening, but also better health than our other Syrahs in the same sector. The result is a wine of great freshness, without too much alcohol and at full phenolic maturity: it tastes upright, sapid and aromatic. And it holds its shape very well!","og_url":"https:\/\/www.cavedesamandiers.ch\/en\/product\/franc-de-pied-syrah\/","og_site_name":"Cave des Amandiers","og_image":[{"width":2500,"height":2500,"url":"https:\/\/www.cavedesamandiers.ch\/wp-content\/uploads\/2025\/09\/Franc-de-Pied_DET.png","type":"image\/png"}],"twitter_card":"summary_large_image","schema":{"@context":"https:\/\/schema.org","@graph":[{"@type":"WebPage","@id":"https:\/\/www.cavedesamandiers.ch\/en\/product\/franc-de-pied-syrah\/","url":"https:\/\/www.cavedesamandiers.ch\/en\/product\/franc-de-pied-syrah\/","name":"Franc de Pied - Syrah - Cave des Amandiers","isPartOf":{"@id":"https:\/\/www.cavedesamandiers.ch\/en\/#website"},"primaryImageOfPage":{"@id":"https:\/\/www.cavedesamandiers.ch\/en\/product\/franc-de-pied-syrah\/#primaryimage"},"image":{"@id":"https:\/\/www.cavedesamandiers.ch\/en\/product\/franc-de-pied-syrah\/#primaryimage"},"thumbnailUrl":"https:\/\/www.cavedesamandiers.ch\/wp-content\/uploads\/2025\/09\/Franc-de-Pied_DET.png","datePublished":"2025-10-02T16:16:02+00:00","breadcrumb":{"@id":"https:\/\/www.cavedesamandiers.ch\/en\/product\/franc-de-pied-syrah\/#breadcrumb"},"inLanguage":"en-US","potentialAction":[{"@type":"ReadAction","target":["https:\/\/www.cavedesamandiers.ch\/en\/product\/franc-de-pied-syrah\/"]}]},{"@type":"ImageObject","inLanguage":"en-US","@id":"https:\/\/www.cavedesamandiers.ch\/en\/product\/franc-de-pied-syrah\/#primaryimage","url":"https:\/\/www.cavedesamandiers.ch\/wp-content\/uploads\/2025\/09\/Franc-de-Pied_DET.png","contentUrl":"https:\/\/www.cavedesamandiers.ch\/wp-content\/uploads\/2025\/09\/Franc-de-Pied_DET.png","width":2500,"height":2500},{"@type":"BreadcrumbList","@id":"https:\/\/www.cavedesamandiers.ch\/en\/product\/franc-de-pied-syrah\/#breadcrumb","itemListElement":[{"@type":"ListItem","position":1,"name":"Accueil","item":"https:\/\/www.cavedesamandiers.ch\/en\/"},{"@type":"ListItem","position":2,"name":"Wines","item":"https:\/\/www.cavedesamandiers.ch\/en\/shop\/"},{"@type":"ListItem","position":3,"name":"Franc de Pied &#8211; Syrah"}]},{"@type":"WebSite","@id":"https:\/\/www.cavedesamandiers.ch\/en\/#website","url":"https:\/\/www.cavedesamandiers.ch\/en\/","name":"Cave des Amandiers","description":"\u00abIl faut r\u00eaver tr\u00e8s haut pour ne pas r\u00e9aliser trop bas\u00bb","potentialAction":[{"@type":"SearchAction","target":{"@type":"EntryPoint","urlTemplate":"https:\/\/www.cavedesamandiers.ch\/en\/?s={search_term_string}"},"query-input":{"@type":"PropertyValueSpecification","valueRequired":true,"valueName":"search_term_string"}}],"inLanguage":"en-US"}]}},"_links":{"self":[{"href":"https:\/\/www.cavedesamandiers.ch\/en\/wp-json\/wp\/v2\/product\/21067","targetHints":{"allow":["GET"]}}],"collection":[{"href":"https:\/\/www.cavedesamandiers.ch\/en\/wp-json\/wp\/v2\/product"}],"about":[{"href":"https:\/\/www.cavedesamandiers.ch\/en\/wp-json\/wp\/v2\/types\/product"}],"wp:featuredmedia":[{"embeddable":true,"href":"https:\/\/www.cavedesamandiers.ch\/en\/wp-json\/wp\/v2\/media\/21068"}],"wp:attachment":[{"href":"https:\/\/www.cavedesamandiers.ch\/en\/wp-json\/wp\/v2\/media?parent=21067"}],"wp:term":[{"taxonomy":"product_brand","embeddable":true,"href":"https:\/\/www.cavedesamandiers.ch\/en\/wp-json\/wp\/v2\/product_brand?post=21067"},{"taxonomy":"product_cat","embeddable":true,"href":"https:\/\/www.cavedesamandiers.ch\/en\/wp-json\/wp\/v2\/product_cat?post=21067"},{"taxonomy":"product_tag","embeddable":true,"href":"https:\/\/www.cavedesamandiers.ch\/en\/wp-json\/wp\/v2\/product_tag?post=21067"}],"curies":[{"name":"wp","href":"https:\/\/api.w.org\/{rel}","templated":true}]}}