{"id":20094,"date":"2025-06-18T10:31:18","date_gmt":"2025-06-18T08:31:18","guid":{"rendered":"https:\/\/www.cavedesamandiers.ch\/product\/amandier-rouge\/"},"modified":"2025-09-24T07:54:23","modified_gmt":"2025-09-24T05:54:23","slug":"amandier-rouge","status":"publish","type":"product","link":"https:\/\/www.cavedesamandiers.ch\/en\/product\/amandier-rouge\/","title":{"rendered":"Amandier Rouge &#8211; 2022"},"content":{"rendered":"<p><b>It is a fruity and spicy wine,<\/b> easy to understand and accessible to all.<\/p>\n","protected":false},"excerpt":{"rendered":"<p>This blend varies from vintage to vintage, with a base of Diolinoir and Humagne Rouge.<span class=\"Apple-converted-space\"> <\/span><\/p>\n","protected":false},"featured_media":20095,"template":"","meta":[],"product_brand":[],"product_cat":[200],"product_tag":[],"class_list":{"0":"post-20094","1":"product","2":"type-product","3":"status-publish","4":"has-post-thumbnail","6":"product_cat-spirit-les-terroirs-red","8":"first","9":"instock","10":"taxable","11":"shipping-taxable","12":"purchasable","13":"product-type-simple"},"yoast_head":"<!-- This site is optimized with the Yoast SEO plugin v26.2 - https:\/\/yoast.com\/wordpress\/plugins\/seo\/ -->\n<title>Amandier Rouge - 2022 - Cave des Amandiers<\/title>\n<meta name=\"robots\" content=\"index, follow, max-snippet:-1, max-image-preview:large, max-video-preview:-1\" \/>\n<link rel=\"canonical\" href=\"https:\/\/www.cavedesamandiers.ch\/en\/product\/amandier-rouge\/\" \/>\n<meta property=\"og:locale\" content=\"en_US\" \/>\n<meta property=\"og:type\" content=\"article\" \/>\n<meta property=\"og:title\" content=\"Amandier Rouge - 2022 - Cave des Amandiers\" \/>\n<meta property=\"og:description\" content=\"This blend varies from vintage to vintage, with a base of Diolinoir and Humagne Rouge.\" \/>\n<meta property=\"og:url\" content=\"https:\/\/www.cavedesamandiers.ch\/en\/product\/amandier-rouge\/\" \/>\n<meta property=\"og:site_name\" content=\"Cave des Amandiers\" \/>\n<meta property=\"article:modified_time\" content=\"2025-09-24T05:54:23+00:00\" \/>\n<meta property=\"og:image\" content=\"https:\/\/www.cavedesamandiers.ch\/wp-content\/uploads\/2025\/06\/AMANDIER-ROUGE-1.jpg\" \/>\n\t<meta property=\"og:image:width\" content=\"1920\" \/>\n\t<meta property=\"og:image:height\" content=\"1920\" \/>\n\t<meta property=\"og:image:type\" content=\"image\/jpeg\" \/>\n<meta name=\"twitter:card\" content=\"summary_large_image\" \/>\n<script type=\"application\/ld+json\" class=\"yoast-schema-graph\">{\"@context\":\"https:\/\/schema.org\",\"@graph\":[{\"@type\":\"WebPage\",\"@id\":\"https:\/\/www.cavedesamandiers.ch\/en\/product\/amandier-rouge\/\",\"url\":\"https:\/\/www.cavedesamandiers.ch\/en\/product\/amandier-rouge\/\",\"name\":\"Amandier Rouge - 2022 - Cave des Amandiers\",\"isPartOf\":{\"@id\":\"https:\/\/www.cavedesamandiers.ch\/en\/#website\"},\"primaryImageOfPage\":{\"@id\":\"https:\/\/www.cavedesamandiers.ch\/en\/product\/amandier-rouge\/#primaryimage\"},\"image\":{\"@id\":\"https:\/\/www.cavedesamandiers.ch\/en\/product\/amandier-rouge\/#primaryimage\"},\"thumbnailUrl\":\"https:\/\/www.cavedesamandiers.ch\/wp-content\/uploads\/2025\/06\/AMANDIER-ROUGE-1.jpg\",\"datePublished\":\"2025-06-18T08:31:18+00:00\",\"dateModified\":\"2025-09-24T05:54:23+00:00\",\"breadcrumb\":{\"@id\":\"https:\/\/www.cavedesamandiers.ch\/en\/product\/amandier-rouge\/#breadcrumb\"},\"inLanguage\":\"en-US\",\"potentialAction\":[{\"@type\":\"ReadAction\",\"target\":[\"https:\/\/www.cavedesamandiers.ch\/en\/product\/amandier-rouge\/\"]}]},{\"@type\":\"ImageObject\",\"inLanguage\":\"en-US\",\"@id\":\"https:\/\/www.cavedesamandiers.ch\/en\/product\/amandier-rouge\/#primaryimage\",\"url\":\"https:\/\/www.cavedesamandiers.ch\/wp-content\/uploads\/2025\/06\/AMANDIER-ROUGE-1.jpg\",\"contentUrl\":\"https:\/\/www.cavedesamandiers.ch\/wp-content\/uploads\/2025\/06\/AMANDIER-ROUGE-1.jpg\",\"width\":1920,\"height\":1920},{\"@type\":\"BreadcrumbList\",\"@id\":\"https:\/\/www.cavedesamandiers.ch\/en\/product\/amandier-rouge\/#breadcrumb\",\"itemListElement\":[{\"@type\":\"ListItem\",\"position\":1,\"name\":\"Accueil\",\"item\":\"https:\/\/www.cavedesamandiers.ch\/en\/\"},{\"@type\":\"ListItem\",\"position\":2,\"name\":\"Wines\",\"item\":\"https:\/\/www.cavedesamandiers.ch\/en\/shop\/\"},{\"@type\":\"ListItem\",\"position\":3,\"name\":\"Amandier Rouge &#8211; 2022\"}]},{\"@type\":\"WebSite\",\"@id\":\"https:\/\/www.cavedesamandiers.ch\/en\/#website\",\"url\":\"https:\/\/www.cavedesamandiers.ch\/en\/\",\"name\":\"Cave des Amandiers\",\"description\":\"\u00abIl faut r\u00eaver tr\u00e8s haut pour ne pas r\u00e9aliser trop bas\u00bb\",\"potentialAction\":[{\"@type\":\"SearchAction\",\"target\":{\"@type\":\"EntryPoint\",\"urlTemplate\":\"https:\/\/www.cavedesamandiers.ch\/en\/?s={search_term_string}\"},\"query-input\":{\"@type\":\"PropertyValueSpecification\",\"valueRequired\":true,\"valueName\":\"search_term_string\"}}],\"inLanguage\":\"en-US\"}]}<\/script>\n<!-- \/ Yoast SEO plugin. -->","yoast_head_json":{"title":"Amandier Rouge - 2022 - Cave des Amandiers","robots":{"index":"index","follow":"follow","max-snippet":"max-snippet:-1","max-image-preview":"max-image-preview:large","max-video-preview":"max-video-preview:-1"},"canonical":"https:\/\/www.cavedesamandiers.ch\/en\/product\/amandier-rouge\/","og_locale":"en_US","og_type":"article","og_title":"Amandier Rouge - 2022 - Cave des Amandiers","og_description":"This blend varies from vintage to vintage, with a base of Diolinoir and Humagne Rouge.","og_url":"https:\/\/www.cavedesamandiers.ch\/en\/product\/amandier-rouge\/","og_site_name":"Cave des Amandiers","article_modified_time":"2025-09-24T05:54:23+00:00","og_image":[{"width":1920,"height":1920,"url":"https:\/\/www.cavedesamandiers.ch\/wp-content\/uploads\/2025\/06\/AMANDIER-ROUGE-1.jpg","type":"image\/jpeg"}],"twitter_card":"summary_large_image","schema":{"@context":"https:\/\/schema.org","@graph":[{"@type":"WebPage","@id":"https:\/\/www.cavedesamandiers.ch\/en\/product\/amandier-rouge\/","url":"https:\/\/www.cavedesamandiers.ch\/en\/product\/amandier-rouge\/","name":"Amandier Rouge - 2022 - Cave des Amandiers","isPartOf":{"@id":"https:\/\/www.cavedesamandiers.ch\/en\/#website"},"primaryImageOfPage":{"@id":"https:\/\/www.cavedesamandiers.ch\/en\/product\/amandier-rouge\/#primaryimage"},"image":{"@id":"https:\/\/www.cavedesamandiers.ch\/en\/product\/amandier-rouge\/#primaryimage"},"thumbnailUrl":"https:\/\/www.cavedesamandiers.ch\/wp-content\/uploads\/2025\/06\/AMANDIER-ROUGE-1.jpg","datePublished":"2025-06-18T08:31:18+00:00","dateModified":"2025-09-24T05:54:23+00:00","breadcrumb":{"@id":"https:\/\/www.cavedesamandiers.ch\/en\/product\/amandier-rouge\/#breadcrumb"},"inLanguage":"en-US","potentialAction":[{"@type":"ReadAction","target":["https:\/\/www.cavedesamandiers.ch\/en\/product\/amandier-rouge\/"]}]},{"@type":"ImageObject","inLanguage":"en-US","@id":"https:\/\/www.cavedesamandiers.ch\/en\/product\/amandier-rouge\/#primaryimage","url":"https:\/\/www.cavedesamandiers.ch\/wp-content\/uploads\/2025\/06\/AMANDIER-ROUGE-1.jpg","contentUrl":"https:\/\/www.cavedesamandiers.ch\/wp-content\/uploads\/2025\/06\/AMANDIER-ROUGE-1.jpg","width":1920,"height":1920},{"@type":"BreadcrumbList","@id":"https:\/\/www.cavedesamandiers.ch\/en\/product\/amandier-rouge\/#breadcrumb","itemListElement":[{"@type":"ListItem","position":1,"name":"Accueil","item":"https:\/\/www.cavedesamandiers.ch\/en\/"},{"@type":"ListItem","position":2,"name":"Wines","item":"https:\/\/www.cavedesamandiers.ch\/en\/shop\/"},{"@type":"ListItem","position":3,"name":"Amandier Rouge &#8211; 2022"}]},{"@type":"WebSite","@id":"https:\/\/www.cavedesamandiers.ch\/en\/#website","url":"https:\/\/www.cavedesamandiers.ch\/en\/","name":"Cave des Amandiers","description":"\u00abIl faut r\u00eaver tr\u00e8s haut pour ne pas r\u00e9aliser trop bas\u00bb","potentialAction":[{"@type":"SearchAction","target":{"@type":"EntryPoint","urlTemplate":"https:\/\/www.cavedesamandiers.ch\/en\/?s={search_term_string}"},"query-input":{"@type":"PropertyValueSpecification","valueRequired":true,"valueName":"search_term_string"}}],"inLanguage":"en-US"}]}},"_links":{"self":[{"href":"https:\/\/www.cavedesamandiers.ch\/en\/wp-json\/wp\/v2\/product\/20094","targetHints":{"allow":["GET"]}}],"collection":[{"href":"https:\/\/www.cavedesamandiers.ch\/en\/wp-json\/wp\/v2\/product"}],"about":[{"href":"https:\/\/www.cavedesamandiers.ch\/en\/wp-json\/wp\/v2\/types\/product"}],"wp:featuredmedia":[{"embeddable":true,"href":"https:\/\/www.cavedesamandiers.ch\/en\/wp-json\/wp\/v2\/media\/20095"}],"wp:attachment":[{"href":"https:\/\/www.cavedesamandiers.ch\/en\/wp-json\/wp\/v2\/media?parent=20094"}],"wp:term":[{"taxonomy":"product_brand","embeddable":true,"href":"https:\/\/www.cavedesamandiers.ch\/en\/wp-json\/wp\/v2\/product_brand?post=20094"},{"taxonomy":"product_cat","embeddable":true,"href":"https:\/\/www.cavedesamandiers.ch\/en\/wp-json\/wp\/v2\/product_cat?post=20094"},{"taxonomy":"product_tag","embeddable":true,"href":"https:\/\/www.cavedesamandiers.ch\/en\/wp-json\/wp\/v2\/product_tag?post=20094"}],"curies":[{"name":"wp","href":"https:\/\/api.w.org\/{rel}","templated":true}]}}