{"id":20076,"date":"2020-05-12T12:02:27","date_gmt":"2020-05-12T10:02:27","guid":{"rendered":"https:\/\/www.cavedesamandiers.ch\/product\/humagne-2022\/"},"modified":"2025-09-23T17:42:16","modified_gmt":"2025-09-23T15:42:16","slug":"humagne-2022","status":"publish","type":"product","link":"https:\/\/www.cavedesamandiers.ch\/en\/product\/humagne-2022\/","title":{"rendered":"Humagne 2022"},"content":{"rendered":"<p><strong>Humagne is characterised by low acidity and a pale colour.<\/strong> It can be sensitive to oxygen, hence the importance of achieving good concentration in the vineyard. On the nose, there are aromas of violet, blackcurrant and pencil lead. On the palate, the texture is similar to Pinot Noir, but with more spice and structure.<\/p>\n","protected":false},"excerpt":{"rendered":"<p><strong>It comes mainly from vineyards in Les Prix, Leytron,<\/strong> and also from others located in Fully and Saillon.<\/p>\n","protected":false},"featured_media":20077,"template":"","meta":[],"product_brand":[],"product_cat":[196],"product_tag":[],"class_list":{"0":"post-20076","1":"product","2":"type-product","3":"status-publish","4":"has-post-thumbnail","6":"product_cat-cave-des-amandiers-spirit","8":"first","9":"instock","10":"taxable","11":"shipping-taxable","12":"purchasable","13":"product-type-simple"},"yoast_head":"<!-- This site is optimized with the Yoast SEO plugin v26.2 - https:\/\/yoast.com\/wordpress\/plugins\/seo\/ -->\n<title>Humagne 2022 - Cave des Amandiers<\/title>\n<meta name=\"robots\" content=\"index, follow, max-snippet:-1, max-image-preview:large, max-video-preview:-1\" \/>\n<link rel=\"canonical\" href=\"https:\/\/www.cavedesamandiers.ch\/en\/product\/humagne-2022\/\" \/>\n<meta property=\"og:locale\" content=\"en_US\" \/>\n<meta property=\"og:type\" content=\"article\" \/>\n<meta property=\"og:title\" content=\"Humagne 2022 - Cave des Amandiers\" \/>\n<meta property=\"og:description\" content=\"It comes mainly from vineyards in Les Prix, Leytron, and also from others located in Fully and Saillon.\" \/>\n<meta property=\"og:url\" content=\"https:\/\/www.cavedesamandiers.ch\/en\/product\/humagne-2022\/\" \/>\n<meta property=\"og:site_name\" content=\"Cave des Amandiers\" \/>\n<meta property=\"article:modified_time\" content=\"2025-09-23T15:42:16+00:00\" \/>\n<meta property=\"og:image\" content=\"https:\/\/www.cavedesamandiers.ch\/wp-content\/uploads\/2025\/06\/Humagne.jpg\" \/>\n\t<meta property=\"og:image:width\" content=\"1920\" \/>\n\t<meta property=\"og:image:height\" content=\"1920\" \/>\n\t<meta property=\"og:image:type\" content=\"image\/jpeg\" \/>\n<meta name=\"twitter:card\" content=\"summary_large_image\" \/>\n<script type=\"application\/ld+json\" class=\"yoast-schema-graph\">{\"@context\":\"https:\/\/schema.org\",\"@graph\":[{\"@type\":\"WebPage\",\"@id\":\"https:\/\/www.cavedesamandiers.ch\/en\/product\/humagne-2022\/\",\"url\":\"https:\/\/www.cavedesamandiers.ch\/en\/product\/humagne-2022\/\",\"name\":\"Humagne 2022 - Cave des Amandiers\",\"isPartOf\":{\"@id\":\"https:\/\/www.cavedesamandiers.ch\/en\/#website\"},\"primaryImageOfPage\":{\"@id\":\"https:\/\/www.cavedesamandiers.ch\/en\/product\/humagne-2022\/#primaryimage\"},\"image\":{\"@id\":\"https:\/\/www.cavedesamandiers.ch\/en\/product\/humagne-2022\/#primaryimage\"},\"thumbnailUrl\":\"https:\/\/www.cavedesamandiers.ch\/wp-content\/uploads\/2025\/06\/Humagne.jpg\",\"datePublished\":\"2020-05-12T10:02:27+00:00\",\"dateModified\":\"2025-09-23T15:42:16+00:00\",\"breadcrumb\":{\"@id\":\"https:\/\/www.cavedesamandiers.ch\/en\/product\/humagne-2022\/#breadcrumb\"},\"inLanguage\":\"en-US\",\"potentialAction\":[{\"@type\":\"ReadAction\",\"target\":[\"https:\/\/www.cavedesamandiers.ch\/en\/product\/humagne-2022\/\"]}]},{\"@type\":\"ImageObject\",\"inLanguage\":\"en-US\",\"@id\":\"https:\/\/www.cavedesamandiers.ch\/en\/product\/humagne-2022\/#primaryimage\",\"url\":\"https:\/\/www.cavedesamandiers.ch\/wp-content\/uploads\/2025\/06\/Humagne.jpg\",\"contentUrl\":\"https:\/\/www.cavedesamandiers.ch\/wp-content\/uploads\/2025\/06\/Humagne.jpg\",\"width\":1920,\"height\":1920},{\"@type\":\"BreadcrumbList\",\"@id\":\"https:\/\/www.cavedesamandiers.ch\/en\/product\/humagne-2022\/#breadcrumb\",\"itemListElement\":[{\"@type\":\"ListItem\",\"position\":1,\"name\":\"Accueil\",\"item\":\"https:\/\/www.cavedesamandiers.ch\/en\/\"},{\"@type\":\"ListItem\",\"position\":2,\"name\":\"Wines\",\"item\":\"https:\/\/www.cavedesamandiers.ch\/en\/shop\/\"},{\"@type\":\"ListItem\",\"position\":3,\"name\":\"Humagne 2022\"}]},{\"@type\":\"WebSite\",\"@id\":\"https:\/\/www.cavedesamandiers.ch\/en\/#website\",\"url\":\"https:\/\/www.cavedesamandiers.ch\/en\/\",\"name\":\"Cave des Amandiers\",\"description\":\"\u00abIl faut r\u00eaver tr\u00e8s haut pour ne pas r\u00e9aliser trop bas\u00bb\",\"potentialAction\":[{\"@type\":\"SearchAction\",\"target\":{\"@type\":\"EntryPoint\",\"urlTemplate\":\"https:\/\/www.cavedesamandiers.ch\/en\/?s={search_term_string}\"},\"query-input\":{\"@type\":\"PropertyValueSpecification\",\"valueRequired\":true,\"valueName\":\"search_term_string\"}}],\"inLanguage\":\"en-US\"}]}<\/script>\n<!-- \/ Yoast SEO plugin. -->","yoast_head_json":{"title":"Humagne 2022 - Cave des Amandiers","robots":{"index":"index","follow":"follow","max-snippet":"max-snippet:-1","max-image-preview":"max-image-preview:large","max-video-preview":"max-video-preview:-1"},"canonical":"https:\/\/www.cavedesamandiers.ch\/en\/product\/humagne-2022\/","og_locale":"en_US","og_type":"article","og_title":"Humagne 2022 - Cave des Amandiers","og_description":"It comes mainly from vineyards in Les Prix, Leytron, and also from others located in Fully and Saillon.","og_url":"https:\/\/www.cavedesamandiers.ch\/en\/product\/humagne-2022\/","og_site_name":"Cave des Amandiers","article_modified_time":"2025-09-23T15:42:16+00:00","og_image":[{"width":1920,"height":1920,"url":"https:\/\/www.cavedesamandiers.ch\/wp-content\/uploads\/2025\/06\/Humagne.jpg","type":"image\/jpeg"}],"twitter_card":"summary_large_image","schema":{"@context":"https:\/\/schema.org","@graph":[{"@type":"WebPage","@id":"https:\/\/www.cavedesamandiers.ch\/en\/product\/humagne-2022\/","url":"https:\/\/www.cavedesamandiers.ch\/en\/product\/humagne-2022\/","name":"Humagne 2022 - Cave des Amandiers","isPartOf":{"@id":"https:\/\/www.cavedesamandiers.ch\/en\/#website"},"primaryImageOfPage":{"@id":"https:\/\/www.cavedesamandiers.ch\/en\/product\/humagne-2022\/#primaryimage"},"image":{"@id":"https:\/\/www.cavedesamandiers.ch\/en\/product\/humagne-2022\/#primaryimage"},"thumbnailUrl":"https:\/\/www.cavedesamandiers.ch\/wp-content\/uploads\/2025\/06\/Humagne.jpg","datePublished":"2020-05-12T10:02:27+00:00","dateModified":"2025-09-23T15:42:16+00:00","breadcrumb":{"@id":"https:\/\/www.cavedesamandiers.ch\/en\/product\/humagne-2022\/#breadcrumb"},"inLanguage":"en-US","potentialAction":[{"@type":"ReadAction","target":["https:\/\/www.cavedesamandiers.ch\/en\/product\/humagne-2022\/"]}]},{"@type":"ImageObject","inLanguage":"en-US","@id":"https:\/\/www.cavedesamandiers.ch\/en\/product\/humagne-2022\/#primaryimage","url":"https:\/\/www.cavedesamandiers.ch\/wp-content\/uploads\/2025\/06\/Humagne.jpg","contentUrl":"https:\/\/www.cavedesamandiers.ch\/wp-content\/uploads\/2025\/06\/Humagne.jpg","width":1920,"height":1920},{"@type":"BreadcrumbList","@id":"https:\/\/www.cavedesamandiers.ch\/en\/product\/humagne-2022\/#breadcrumb","itemListElement":[{"@type":"ListItem","position":1,"name":"Accueil","item":"https:\/\/www.cavedesamandiers.ch\/en\/"},{"@type":"ListItem","position":2,"name":"Wines","item":"https:\/\/www.cavedesamandiers.ch\/en\/shop\/"},{"@type":"ListItem","position":3,"name":"Humagne 2022"}]},{"@type":"WebSite","@id":"https:\/\/www.cavedesamandiers.ch\/en\/#website","url":"https:\/\/www.cavedesamandiers.ch\/en\/","name":"Cave des Amandiers","description":"\u00abIl faut r\u00eaver tr\u00e8s haut pour ne pas r\u00e9aliser trop bas\u00bb","potentialAction":[{"@type":"SearchAction","target":{"@type":"EntryPoint","urlTemplate":"https:\/\/www.cavedesamandiers.ch\/en\/?s={search_term_string}"},"query-input":{"@type":"PropertyValueSpecification","valueRequired":true,"valueName":"search_term_string"}}],"inLanguage":"en-US"}]}},"_links":{"self":[{"href":"https:\/\/www.cavedesamandiers.ch\/en\/wp-json\/wp\/v2\/product\/20076","targetHints":{"allow":["GET"]}}],"collection":[{"href":"https:\/\/www.cavedesamandiers.ch\/en\/wp-json\/wp\/v2\/product"}],"about":[{"href":"https:\/\/www.cavedesamandiers.ch\/en\/wp-json\/wp\/v2\/types\/product"}],"wp:featuredmedia":[{"embeddable":true,"href":"https:\/\/www.cavedesamandiers.ch\/en\/wp-json\/wp\/v2\/media\/20077"}],"wp:attachment":[{"href":"https:\/\/www.cavedesamandiers.ch\/en\/wp-json\/wp\/v2\/media?parent=20076"}],"wp:term":[{"taxonomy":"product_brand","embeddable":true,"href":"https:\/\/www.cavedesamandiers.ch\/en\/wp-json\/wp\/v2\/product_brand?post=20076"},{"taxonomy":"product_cat","embeddable":true,"href":"https:\/\/www.cavedesamandiers.ch\/en\/wp-json\/wp\/v2\/product_cat?post=20076"},{"taxonomy":"product_tag","embeddable":true,"href":"https:\/\/www.cavedesamandiers.ch\/en\/wp-json\/wp\/v2\/product_tag?post=20076"}],"curies":[{"name":"wp","href":"https:\/\/api.w.org\/{rel}","templated":true}]}}