{"id":20072,"date":"2020-05-12T12:01:03","date_gmt":"2020-05-12T10:01:03","guid":{"rendered":"https:\/\/www.cavedesamandiers.ch\/product\/gamay-2022\/"},"modified":"2025-09-23T17:36:24","modified_gmt":"2025-09-23T15:36:24","slug":"gamay-2022","status":"publish","type":"product","link":"https:\/\/www.cavedesamandiers.ch\/en\/product\/gamay-2022\/","title":{"rendered":"Gamay 2022"},"content":{"rendered":"<p>A blend of several plots from the bottom to the top of the Fully hillside (Follat\u00e8res, Plamont, Euloz), but also from Saillon.<\/p>\n","protected":false},"excerpt":{"rendered":"<p><strong>Gamay on granite and gneiss terroirs is pure poetry !<\/strong> The wine is fresh, with aromas of red berries, such as strawberries and raspberries, giving it a light and crisp character. When aerated, it develops more spicy aromas of clove, white pepper and smoke. On the palate, it is an energetic, sapid and refreshing wine with a beautiful character.<\/p>\n","protected":false},"featured_media":20073,"template":"","meta":[],"product_brand":[],"product_cat":[196],"product_tag":[],"class_list":{"0":"post-20072","1":"product","2":"type-product","3":"status-publish","4":"has-post-thumbnail","6":"product_cat-cave-des-amandiers-spirit","8":"first","9":"instock","10":"taxable","11":"shipping-taxable","12":"purchasable","13":"product-type-simple"},"yoast_head":"<!-- This site is optimized with the Yoast SEO plugin v26.2 - https:\/\/yoast.com\/wordpress\/plugins\/seo\/ -->\n<title>Gamay 2022 - Cave des Amandiers<\/title>\n<meta name=\"robots\" content=\"index, follow, max-snippet:-1, max-image-preview:large, max-video-preview:-1\" \/>\n<link rel=\"canonical\" href=\"https:\/\/www.cavedesamandiers.ch\/en\/product\/gamay-2022\/\" \/>\n<meta property=\"og:locale\" content=\"en_US\" \/>\n<meta property=\"og:type\" content=\"article\" \/>\n<meta property=\"og:title\" content=\"Gamay 2022 - Cave des Amandiers\" \/>\n<meta property=\"og:description\" content=\"Gamay on granite and gneiss terroirs is pure poetry ! The wine is fresh, with aromas of red berries, such as strawberries and raspberries, giving it a light and crisp character. When aerated, it develops more spicy aromas of clove, white pepper and smoke. On the palate, it is an energetic, sapid and refreshing wine with a beautiful character.\" \/>\n<meta property=\"og:url\" content=\"https:\/\/www.cavedesamandiers.ch\/en\/product\/gamay-2022\/\" \/>\n<meta property=\"og:site_name\" content=\"Cave des Amandiers\" \/>\n<meta property=\"article:modified_time\" content=\"2025-09-23T15:36:24+00:00\" \/>\n<meta property=\"og:image\" content=\"https:\/\/www.cavedesamandiers.ch\/wp-content\/uploads\/2025\/06\/Gamay.jpg\" \/>\n\t<meta property=\"og:image:width\" content=\"1920\" \/>\n\t<meta property=\"og:image:height\" content=\"1920\" \/>\n\t<meta property=\"og:image:type\" content=\"image\/jpeg\" \/>\n<meta name=\"twitter:card\" content=\"summary_large_image\" \/>\n<script type=\"application\/ld+json\" class=\"yoast-schema-graph\">{\"@context\":\"https:\/\/schema.org\",\"@graph\":[{\"@type\":\"WebPage\",\"@id\":\"https:\/\/www.cavedesamandiers.ch\/en\/product\/gamay-2022\/\",\"url\":\"https:\/\/www.cavedesamandiers.ch\/en\/product\/gamay-2022\/\",\"name\":\"Gamay 2022 - Cave des Amandiers\",\"isPartOf\":{\"@id\":\"https:\/\/www.cavedesamandiers.ch\/en\/#website\"},\"primaryImageOfPage\":{\"@id\":\"https:\/\/www.cavedesamandiers.ch\/en\/product\/gamay-2022\/#primaryimage\"},\"image\":{\"@id\":\"https:\/\/www.cavedesamandiers.ch\/en\/product\/gamay-2022\/#primaryimage\"},\"thumbnailUrl\":\"https:\/\/www.cavedesamandiers.ch\/wp-content\/uploads\/2025\/06\/Gamay.jpg\",\"datePublished\":\"2020-05-12T10:01:03+00:00\",\"dateModified\":\"2025-09-23T15:36:24+00:00\",\"breadcrumb\":{\"@id\":\"https:\/\/www.cavedesamandiers.ch\/en\/product\/gamay-2022\/#breadcrumb\"},\"inLanguage\":\"en-US\",\"potentialAction\":[{\"@type\":\"ReadAction\",\"target\":[\"https:\/\/www.cavedesamandiers.ch\/en\/product\/gamay-2022\/\"]}]},{\"@type\":\"ImageObject\",\"inLanguage\":\"en-US\",\"@id\":\"https:\/\/www.cavedesamandiers.ch\/en\/product\/gamay-2022\/#primaryimage\",\"url\":\"https:\/\/www.cavedesamandiers.ch\/wp-content\/uploads\/2025\/06\/Gamay.jpg\",\"contentUrl\":\"https:\/\/www.cavedesamandiers.ch\/wp-content\/uploads\/2025\/06\/Gamay.jpg\",\"width\":1920,\"height\":1920},{\"@type\":\"BreadcrumbList\",\"@id\":\"https:\/\/www.cavedesamandiers.ch\/en\/product\/gamay-2022\/#breadcrumb\",\"itemListElement\":[{\"@type\":\"ListItem\",\"position\":1,\"name\":\"Accueil\",\"item\":\"https:\/\/www.cavedesamandiers.ch\/en\/\"},{\"@type\":\"ListItem\",\"position\":2,\"name\":\"Wines\",\"item\":\"https:\/\/www.cavedesamandiers.ch\/en\/shop\/\"},{\"@type\":\"ListItem\",\"position\":3,\"name\":\"Gamay 2022\"}]},{\"@type\":\"WebSite\",\"@id\":\"https:\/\/www.cavedesamandiers.ch\/en\/#website\",\"url\":\"https:\/\/www.cavedesamandiers.ch\/en\/\",\"name\":\"Cave des Amandiers\",\"description\":\"\u00abIl faut r\u00eaver tr\u00e8s haut pour ne pas r\u00e9aliser trop bas\u00bb\",\"potentialAction\":[{\"@type\":\"SearchAction\",\"target\":{\"@type\":\"EntryPoint\",\"urlTemplate\":\"https:\/\/www.cavedesamandiers.ch\/en\/?s={search_term_string}\"},\"query-input\":{\"@type\":\"PropertyValueSpecification\",\"valueRequired\":true,\"valueName\":\"search_term_string\"}}],\"inLanguage\":\"en-US\"}]}<\/script>\n<!-- \/ Yoast SEO plugin. -->","yoast_head_json":{"title":"Gamay 2022 - Cave des Amandiers","robots":{"index":"index","follow":"follow","max-snippet":"max-snippet:-1","max-image-preview":"max-image-preview:large","max-video-preview":"max-video-preview:-1"},"canonical":"https:\/\/www.cavedesamandiers.ch\/en\/product\/gamay-2022\/","og_locale":"en_US","og_type":"article","og_title":"Gamay 2022 - Cave des Amandiers","og_description":"Gamay on granite and gneiss terroirs is pure poetry ! The wine is fresh, with aromas of red berries, such as strawberries and raspberries, giving it a light and crisp character. When aerated, it develops more spicy aromas of clove, white pepper and smoke. On the palate, it is an energetic, sapid and refreshing wine with a beautiful character.","og_url":"https:\/\/www.cavedesamandiers.ch\/en\/product\/gamay-2022\/","og_site_name":"Cave des Amandiers","article_modified_time":"2025-09-23T15:36:24+00:00","og_image":[{"width":1920,"height":1920,"url":"https:\/\/www.cavedesamandiers.ch\/wp-content\/uploads\/2025\/06\/Gamay.jpg","type":"image\/jpeg"}],"twitter_card":"summary_large_image","schema":{"@context":"https:\/\/schema.org","@graph":[{"@type":"WebPage","@id":"https:\/\/www.cavedesamandiers.ch\/en\/product\/gamay-2022\/","url":"https:\/\/www.cavedesamandiers.ch\/en\/product\/gamay-2022\/","name":"Gamay 2022 - Cave des Amandiers","isPartOf":{"@id":"https:\/\/www.cavedesamandiers.ch\/en\/#website"},"primaryImageOfPage":{"@id":"https:\/\/www.cavedesamandiers.ch\/en\/product\/gamay-2022\/#primaryimage"},"image":{"@id":"https:\/\/www.cavedesamandiers.ch\/en\/product\/gamay-2022\/#primaryimage"},"thumbnailUrl":"https:\/\/www.cavedesamandiers.ch\/wp-content\/uploads\/2025\/06\/Gamay.jpg","datePublished":"2020-05-12T10:01:03+00:00","dateModified":"2025-09-23T15:36:24+00:00","breadcrumb":{"@id":"https:\/\/www.cavedesamandiers.ch\/en\/product\/gamay-2022\/#breadcrumb"},"inLanguage":"en-US","potentialAction":[{"@type":"ReadAction","target":["https:\/\/www.cavedesamandiers.ch\/en\/product\/gamay-2022\/"]}]},{"@type":"ImageObject","inLanguage":"en-US","@id":"https:\/\/www.cavedesamandiers.ch\/en\/product\/gamay-2022\/#primaryimage","url":"https:\/\/www.cavedesamandiers.ch\/wp-content\/uploads\/2025\/06\/Gamay.jpg","contentUrl":"https:\/\/www.cavedesamandiers.ch\/wp-content\/uploads\/2025\/06\/Gamay.jpg","width":1920,"height":1920},{"@type":"BreadcrumbList","@id":"https:\/\/www.cavedesamandiers.ch\/en\/product\/gamay-2022\/#breadcrumb","itemListElement":[{"@type":"ListItem","position":1,"name":"Accueil","item":"https:\/\/www.cavedesamandiers.ch\/en\/"},{"@type":"ListItem","position":2,"name":"Wines","item":"https:\/\/www.cavedesamandiers.ch\/en\/shop\/"},{"@type":"ListItem","position":3,"name":"Gamay 2022"}]},{"@type":"WebSite","@id":"https:\/\/www.cavedesamandiers.ch\/en\/#website","url":"https:\/\/www.cavedesamandiers.ch\/en\/","name":"Cave des Amandiers","description":"\u00abIl faut r\u00eaver tr\u00e8s haut pour ne pas r\u00e9aliser trop bas\u00bb","potentialAction":[{"@type":"SearchAction","target":{"@type":"EntryPoint","urlTemplate":"https:\/\/www.cavedesamandiers.ch\/en\/?s={search_term_string}"},"query-input":{"@type":"PropertyValueSpecification","valueRequired":true,"valueName":"search_term_string"}}],"inLanguage":"en-US"}]}},"_links":{"self":[{"href":"https:\/\/www.cavedesamandiers.ch\/en\/wp-json\/wp\/v2\/product\/20072","targetHints":{"allow":["GET"]}}],"collection":[{"href":"https:\/\/www.cavedesamandiers.ch\/en\/wp-json\/wp\/v2\/product"}],"about":[{"href":"https:\/\/www.cavedesamandiers.ch\/en\/wp-json\/wp\/v2\/types\/product"}],"wp:featuredmedia":[{"embeddable":true,"href":"https:\/\/www.cavedesamandiers.ch\/en\/wp-json\/wp\/v2\/media\/20073"}],"wp:attachment":[{"href":"https:\/\/www.cavedesamandiers.ch\/en\/wp-json\/wp\/v2\/media?parent=20072"}],"wp:term":[{"taxonomy":"product_brand","embeddable":true,"href":"https:\/\/www.cavedesamandiers.ch\/en\/wp-json\/wp\/v2\/product_brand?post=20072"},{"taxonomy":"product_cat","embeddable":true,"href":"https:\/\/www.cavedesamandiers.ch\/en\/wp-json\/wp\/v2\/product_cat?post=20072"},{"taxonomy":"product_tag","embeddable":true,"href":"https:\/\/www.cavedesamandiers.ch\/en\/wp-json\/wp\/v2\/product_tag?post=20072"}],"curies":[{"name":"wp","href":"https:\/\/api.w.org\/{rel}","templated":true}]}}