{"id":20883,"date":"2025-12-10T15:08:18","date_gmt":"2025-12-10T14:08:18","guid":{"rendered":"https:\/\/www.cavedesamandiers.ch\/vineyard-map\/"},"modified":"2025-12-12T07:33:32","modified_gmt":"2025-12-12T06:33:32","slug":"vineyard-map","status":"publish","type":"page","link":"https:\/\/www.cavedesamandiers.ch\/en\/vineyard-map\/","title":{"rendered":"Vineyard map"},"content":{"rendered":"\n<h2 class=\"wp-block-heading\"><strong>Vineyards owned by Cave des Amandiers<\/strong><\/h2>\n\n<p>The result of the acquisition of vineyards from over 80 owners, the domaine&#8217;s parcels are typical of the Valais vineyards: highly fragmented, ranging in altitude from 480 to 750 meters, with exposures varying from southeast to southwest. It&#8217;s a bit like our treasure map, for blending different terroirs; or on the contrary, revealing the uniqueness of a particular place, with Fully&#8217;s particular feature of an underlying bedrock of gneiss, which gives a vibrant edge to the wines.<\/p>\n<iframe id=\"carto_20869\" src=\"https:\/\/www.cavedesamandiers.ch\/wp-content\/uploads\/cartos\/20869\/caves_des_amandiers\/index.html\" frameborder=\"0\" scrolling=\"no\" width=\"100%\" height=\"750px\" style=\"background:#000\"><\/iframe><script type=\"text\/javascript\">(function(){ var cartoWidth = window.getComputedStyle( document.getElementById(\"carto_20869\"), null).getPropertyValue(\"width\").split(\"px\")[0];document.getElementById(\"carto_20869\").style.height = (panoWidth * 3 \/ 4) + \"px\" })()<\/script>\n","protected":false},"excerpt":{"rendered":"<p>Vineyards owned by Cave des Amandiers The result of the acquisition of vineyards from over 80 owners, the domaine&#8217;s parcels are typical of the Valais vineyards: highly fragmented, ranging in&hellip;<\/p>\n","protected":false},"author":2,"featured_media":0,"parent":0,"menu_order":0,"comment_status":"closed","ping_status":"closed","template":"","meta":{"footnotes":""},"class_list":["post-20883","page","type-page","status-publish","hentry"],"yoast_head":"<!-- This site is optimized with the Yoast SEO plugin v27.4 - https:\/\/yoast.com\/product\/yoast-seo-wordpress\/ -->\n<title>Vineyard map - Cave des Amandiers<\/title>\n<meta name=\"robots\" content=\"index, follow, max-snippet:-1, max-image-preview:large, max-video-preview:-1\" \/>\n<link rel=\"canonical\" href=\"https:\/\/www.cavedesamandiers.ch\/en\/vineyard-map\/\" \/>\n<meta property=\"og:locale\" content=\"en_US\" \/>\n<meta property=\"og:type\" content=\"article\" \/>\n<meta property=\"og:title\" content=\"Vineyard map - Cave des Amandiers\" \/>\n<meta property=\"og:description\" content=\"Vineyards owned by Cave des Amandiers The result of the acquisition of vineyards from over 80 owners, the domaine&#8217;s parcels are typical of the Valais vineyards: highly fragmented, ranging in&hellip;\" \/>\n<meta property=\"og:url\" content=\"https:\/\/www.cavedesamandiers.ch\/en\/vineyard-map\/\" \/>\n<meta property=\"og:site_name\" content=\"Cave des Amandiers\" \/>\n<meta property=\"article:modified_time\" content=\"2025-12-12T06:33:32+00:00\" \/>\n<meta name=\"twitter:card\" content=\"summary_large_image\" \/>\n<script type=\"application\/ld+json\" class=\"yoast-schema-graph\">{\"@context\":\"https:\\\/\\\/schema.org\",\"@graph\":[{\"@type\":\"WebPage\",\"@id\":\"https:\\\/\\\/www.cavedesamandiers.ch\\\/en\\\/vineyard-map\\\/\",\"url\":\"https:\\\/\\\/www.cavedesamandiers.ch\\\/en\\\/vineyard-map\\\/\",\"name\":\"Vineyard map - Cave des Amandiers\",\"isPartOf\":{\"@id\":\"https:\\\/\\\/www.cavedesamandiers.ch\\\/en\\\/#website\"},\"datePublished\":\"2025-12-10T14:08:18+00:00\",\"dateModified\":\"2025-12-12T06:33:32+00:00\",\"breadcrumb\":{\"@id\":\"https:\\\/\\\/www.cavedesamandiers.ch\\\/en\\\/vineyard-map\\\/#breadcrumb\"},\"inLanguage\":\"en-US\",\"potentialAction\":[{\"@type\":\"ReadAction\",\"target\":[\"https:\\\/\\\/www.cavedesamandiers.ch\\\/en\\\/vineyard-map\\\/\"]}]},{\"@type\":\"BreadcrumbList\",\"@id\":\"https:\\\/\\\/www.cavedesamandiers.ch\\\/en\\\/vineyard-map\\\/#breadcrumb\",\"itemListElement\":[{\"@type\":\"ListItem\",\"position\":1,\"name\":\"Accueil\",\"item\":\"https:\\\/\\\/www.cavedesamandiers.ch\\\/en\\\/\"},{\"@type\":\"ListItem\",\"position\":2,\"name\":\"Vineyard map\"}]},{\"@type\":\"WebSite\",\"@id\":\"https:\\\/\\\/www.cavedesamandiers.ch\\\/en\\\/#website\",\"url\":\"https:\\\/\\\/www.cavedesamandiers.ch\\\/en\\\/\",\"name\":\"Cave des Amandiers\",\"description\":\"\u00abIl faut r\u00eaver tr\u00e8s haut pour ne pas r\u00e9aliser trop bas\u00bb\",\"potentialAction\":[{\"@type\":\"SearchAction\",\"target\":{\"@type\":\"EntryPoint\",\"urlTemplate\":\"https:\\\/\\\/www.cavedesamandiers.ch\\\/en\\\/?s={search_term_string}\"},\"query-input\":{\"@type\":\"PropertyValueSpecification\",\"valueRequired\":true,\"valueName\":\"search_term_string\"}}],\"inLanguage\":\"en-US\"}]}<\/script>\n<!-- \/ Yoast SEO plugin. -->","yoast_head_json":{"title":"Vineyard map - Cave des Amandiers","robots":{"index":"index","follow":"follow","max-snippet":"max-snippet:-1","max-image-preview":"max-image-preview:large","max-video-preview":"max-video-preview:-1"},"canonical":"https:\/\/www.cavedesamandiers.ch\/en\/vineyard-map\/","og_locale":"en_US","og_type":"article","og_title":"Vineyard map - Cave des Amandiers","og_description":"Vineyards owned by Cave des Amandiers The result of the acquisition of vineyards from over 80 owners, the domaine&#8217;s parcels are typical of the Valais vineyards: highly fragmented, ranging in&hellip;","og_url":"https:\/\/www.cavedesamandiers.ch\/en\/vineyard-map\/","og_site_name":"Cave des Amandiers","article_modified_time":"2025-12-12T06:33:32+00:00","twitter_card":"summary_large_image","schema":{"@context":"https:\/\/schema.org","@graph":[{"@type":"WebPage","@id":"https:\/\/www.cavedesamandiers.ch\/en\/vineyard-map\/","url":"https:\/\/www.cavedesamandiers.ch\/en\/vineyard-map\/","name":"Vineyard map - Cave des Amandiers","isPartOf":{"@id":"https:\/\/www.cavedesamandiers.ch\/en\/#website"},"datePublished":"2025-12-10T14:08:18+00:00","dateModified":"2025-12-12T06:33:32+00:00","breadcrumb":{"@id":"https:\/\/www.cavedesamandiers.ch\/en\/vineyard-map\/#breadcrumb"},"inLanguage":"en-US","potentialAction":[{"@type":"ReadAction","target":["https:\/\/www.cavedesamandiers.ch\/en\/vineyard-map\/"]}]},{"@type":"BreadcrumbList","@id":"https:\/\/www.cavedesamandiers.ch\/en\/vineyard-map\/#breadcrumb","itemListElement":[{"@type":"ListItem","position":1,"name":"Accueil","item":"https:\/\/www.cavedesamandiers.ch\/en\/"},{"@type":"ListItem","position":2,"name":"Vineyard map"}]},{"@type":"WebSite","@id":"https:\/\/www.cavedesamandiers.ch\/en\/#website","url":"https:\/\/www.cavedesamandiers.ch\/en\/","name":"Cave des Amandiers","description":"\u00abIl faut r\u00eaver tr\u00e8s haut pour ne pas r\u00e9aliser trop bas\u00bb","potentialAction":[{"@type":"SearchAction","target":{"@type":"EntryPoint","urlTemplate":"https:\/\/www.cavedesamandiers.ch\/en\/?s={search_term_string}"},"query-input":{"@type":"PropertyValueSpecification","valueRequired":true,"valueName":"search_term_string"}}],"inLanguage":"en-US"}]}},"_links":{"self":[{"href":"https:\/\/www.cavedesamandiers.ch\/en\/wp-json\/wp\/v2\/pages\/20883","targetHints":{"allow":["GET"]}}],"collection":[{"href":"https:\/\/www.cavedesamandiers.ch\/en\/wp-json\/wp\/v2\/pages"}],"about":[{"href":"https:\/\/www.cavedesamandiers.ch\/en\/wp-json\/wp\/v2\/types\/page"}],"author":[{"embeddable":true,"href":"https:\/\/www.cavedesamandiers.ch\/en\/wp-json\/wp\/v2\/users\/2"}],"replies":[{"embeddable":true,"href":"https:\/\/www.cavedesamandiers.ch\/en\/wp-json\/wp\/v2\/comments?post=20883"}],"version-history":[{"count":3,"href":"https:\/\/www.cavedesamandiers.ch\/en\/wp-json\/wp\/v2\/pages\/20883\/revisions"}],"predecessor-version":[{"id":20886,"href":"https:\/\/www.cavedesamandiers.ch\/en\/wp-json\/wp\/v2\/pages\/20883\/revisions\/20886"}],"wp:attachment":[{"href":"https:\/\/www.cavedesamandiers.ch\/en\/wp-json\/wp\/v2\/media?parent=20883"}],"curies":[{"name":"wp","href":"https:\/\/api.w.org\/{rel}","templated":true}]}}