{"id":21076,"date":"2026-04-13T09:47:31","date_gmt":"2026-04-13T07:47:31","guid":{"rendered":"https:\/\/www.cavedesamandiers.ch\/product\/la-krete-syrah\/"},"modified":"2026-04-13T16:47:41","modified_gmt":"2026-04-13T14:47:41","slug":"la-krete-syrah","status":"publish","type":"product","link":"https:\/\/www.cavedesamandiers.ch\/de\/produkt\/la-krete-syrah\/","title":{"rendered":"La Kr\u00e8te &#8211; Syrah"},"content":{"rendered":"","protected":false},"excerpt":{"rendered":"<p><b>Er bringt die Einzigartigkeit der B\u00f6den von Fully (L\u00f6ss, Granit und Gneis) zum Ausdruck<\/b>, mit seinen Kampfernoten, seinem strukturierten, w\u00fcrzigen und den Speichelfluss anregenden Geschmack.<\/p>\n","protected":false},"featured_media":21050,"template":"","meta":[],"product_brand":[],"product_cat":[234,215],"product_tag":[],"class_list":{"0":"post-21076","1":"product","2":"type-product","3":"status-publish","4":"has-post-thumbnail","6":"product_cat-divers","7":"product_cat-esprit-les-terroirs-rouge","9":"first","10":"instock","11":"taxable","12":"shipping-taxable","13":"purchasable","14":"product-type-simple"},"yoast_head":"<!-- This site is optimized with the Yoast SEO plugin v26.2 - https:\/\/yoast.com\/wordpress\/plugins\/seo\/ -->\n<title>La Kr\u00e8te - Syrah - Cave des Amandiers<\/title>\n<meta name=\"robots\" content=\"index, follow, max-snippet:-1, max-image-preview:large, max-video-preview:-1\" \/>\n<link rel=\"canonical\" href=\"https:\/\/www.cavedesamandiers.ch\/de\/produkt\/la-krete-syrah\/\" \/>\n<meta property=\"og:locale\" content=\"de_DE\" \/>\n<meta property=\"og:type\" content=\"article\" \/>\n<meta property=\"og:title\" content=\"La Kr\u00e8te - Syrah - Cave des Amandiers\" \/>\n<meta property=\"og:description\" content=\"Er bringt die Einzigartigkeit der B\u00f6den von Fully (L\u00f6ss, Granit und Gneis) zum Ausdruck, mit seinen Kampfernoten, seinem strukturierten, w\u00fcrzigen und den Speichelfluss anregenden Geschmack.\" \/>\n<meta property=\"og:url\" content=\"https:\/\/www.cavedesamandiers.ch\/de\/produkt\/la-krete-syrah\/\" \/>\n<meta property=\"og:site_name\" content=\"Cave des Amandiers\" \/>\n<meta property=\"article:modified_time\" content=\"2026-04-13T14:47:41+00:00\" \/>\n<meta property=\"og:image\" content=\"https:\/\/www.cavedesamandiers.ch\/wp-content\/uploads\/2026\/04\/La-Krete.png\" \/>\n\t<meta property=\"og:image:width\" content=\"2500\" \/>\n\t<meta property=\"og:image:height\" content=\"2500\" \/>\n\t<meta property=\"og:image:type\" content=\"image\/png\" \/>\n<meta name=\"twitter:card\" content=\"summary_large_image\" \/>\n<meta name=\"twitter:label1\" content=\"Gesch\u00e4tzte Lesezeit\" \/>\n\t<meta name=\"twitter:data1\" content=\"1\u00a0Minute\" \/>\n<script type=\"application\/ld+json\" class=\"yoast-schema-graph\">{\"@context\":\"https:\/\/schema.org\",\"@graph\":[{\"@type\":\"WebPage\",\"@id\":\"https:\/\/www.cavedesamandiers.ch\/de\/produkt\/la-krete-syrah\/\",\"url\":\"https:\/\/www.cavedesamandiers.ch\/de\/produkt\/la-krete-syrah\/\",\"name\":\"La Kr\u00e8te - Syrah - Cave des Amandiers\",\"isPartOf\":{\"@id\":\"https:\/\/www.cavedesamandiers.ch\/de\/#website\"},\"primaryImageOfPage\":{\"@id\":\"https:\/\/www.cavedesamandiers.ch\/de\/produkt\/la-krete-syrah\/#primaryimage\"},\"image\":{\"@id\":\"https:\/\/www.cavedesamandiers.ch\/de\/produkt\/la-krete-syrah\/#primaryimage\"},\"thumbnailUrl\":\"https:\/\/www.cavedesamandiers.ch\/wp-content\/uploads\/2026\/04\/La-Krete.png\",\"datePublished\":\"2026-04-13T07:47:31+00:00\",\"dateModified\":\"2026-04-13T14:47:41+00:00\",\"breadcrumb\":{\"@id\":\"https:\/\/www.cavedesamandiers.ch\/de\/produkt\/la-krete-syrah\/#breadcrumb\"},\"inLanguage\":\"de\",\"potentialAction\":[{\"@type\":\"ReadAction\",\"target\":[\"https:\/\/www.cavedesamandiers.ch\/de\/produkt\/la-krete-syrah\/\"]}]},{\"@type\":\"ImageObject\",\"inLanguage\":\"de\",\"@id\":\"https:\/\/www.cavedesamandiers.ch\/de\/produkt\/la-krete-syrah\/#primaryimage\",\"url\":\"https:\/\/www.cavedesamandiers.ch\/wp-content\/uploads\/2026\/04\/La-Krete.png\",\"contentUrl\":\"https:\/\/www.cavedesamandiers.ch\/wp-content\/uploads\/2026\/04\/La-Krete.png\",\"width\":2500,\"height\":2500},{\"@type\":\"BreadcrumbList\",\"@id\":\"https:\/\/www.cavedesamandiers.ch\/de\/produkt\/la-krete-syrah\/#breadcrumb\",\"itemListElement\":[{\"@type\":\"ListItem\",\"position\":1,\"name\":\"Accueil\",\"item\":\"https:\/\/www.cavedesamandiers.ch\/de\/\"},{\"@type\":\"ListItem\",\"position\":2,\"name\":\"Weines\",\"item\":\"https:\/\/www.cavedesamandiers.ch\/de\/boutique\/\"},{\"@type\":\"ListItem\",\"position\":3,\"name\":\"La Kr\u00e8te &#8211; Syrah\"}]},{\"@type\":\"WebSite\",\"@id\":\"https:\/\/www.cavedesamandiers.ch\/de\/#website\",\"url\":\"https:\/\/www.cavedesamandiers.ch\/de\/\",\"name\":\"Cave des Amandiers\",\"description\":\"\u00abIl faut r\u00eaver tr\u00e8s haut pour ne pas r\u00e9aliser trop bas\u00bb\",\"potentialAction\":[{\"@type\":\"SearchAction\",\"target\":{\"@type\":\"EntryPoint\",\"urlTemplate\":\"https:\/\/www.cavedesamandiers.ch\/de\/?s={search_term_string}\"},\"query-input\":{\"@type\":\"PropertyValueSpecification\",\"valueRequired\":true,\"valueName\":\"search_term_string\"}}],\"inLanguage\":\"de\"}]}<\/script>\n<!-- \/ Yoast SEO plugin. -->","yoast_head_json":{"title":"La Kr\u00e8te - Syrah - Cave des Amandiers","robots":{"index":"index","follow":"follow","max-snippet":"max-snippet:-1","max-image-preview":"max-image-preview:large","max-video-preview":"max-video-preview:-1"},"canonical":"https:\/\/www.cavedesamandiers.ch\/de\/produkt\/la-krete-syrah\/","og_locale":"de_DE","og_type":"article","og_title":"La Kr\u00e8te - Syrah - Cave des Amandiers","og_description":"Er bringt die Einzigartigkeit der B\u00f6den von Fully (L\u00f6ss, Granit und Gneis) zum Ausdruck, mit seinen Kampfernoten, seinem strukturierten, w\u00fcrzigen und den Speichelfluss anregenden Geschmack.","og_url":"https:\/\/www.cavedesamandiers.ch\/de\/produkt\/la-krete-syrah\/","og_site_name":"Cave des Amandiers","article_modified_time":"2026-04-13T14:47:41+00:00","og_image":[{"width":2500,"height":2500,"url":"https:\/\/www.cavedesamandiers.ch\/wp-content\/uploads\/2026\/04\/La-Krete.png","type":"image\/png"}],"twitter_card":"summary_large_image","twitter_misc":{"Gesch\u00e4tzte Lesezeit":"1\u00a0Minute"},"schema":{"@context":"https:\/\/schema.org","@graph":[{"@type":"WebPage","@id":"https:\/\/www.cavedesamandiers.ch\/de\/produkt\/la-krete-syrah\/","url":"https:\/\/www.cavedesamandiers.ch\/de\/produkt\/la-krete-syrah\/","name":"La Kr\u00e8te - Syrah - Cave des Amandiers","isPartOf":{"@id":"https:\/\/www.cavedesamandiers.ch\/de\/#website"},"primaryImageOfPage":{"@id":"https:\/\/www.cavedesamandiers.ch\/de\/produkt\/la-krete-syrah\/#primaryimage"},"image":{"@id":"https:\/\/www.cavedesamandiers.ch\/de\/produkt\/la-krete-syrah\/#primaryimage"},"thumbnailUrl":"https:\/\/www.cavedesamandiers.ch\/wp-content\/uploads\/2026\/04\/La-Krete.png","datePublished":"2026-04-13T07:47:31+00:00","dateModified":"2026-04-13T14:47:41+00:00","breadcrumb":{"@id":"https:\/\/www.cavedesamandiers.ch\/de\/produkt\/la-krete-syrah\/#breadcrumb"},"inLanguage":"de","potentialAction":[{"@type":"ReadAction","target":["https:\/\/www.cavedesamandiers.ch\/de\/produkt\/la-krete-syrah\/"]}]},{"@type":"ImageObject","inLanguage":"de","@id":"https:\/\/www.cavedesamandiers.ch\/de\/produkt\/la-krete-syrah\/#primaryimage","url":"https:\/\/www.cavedesamandiers.ch\/wp-content\/uploads\/2026\/04\/La-Krete.png","contentUrl":"https:\/\/www.cavedesamandiers.ch\/wp-content\/uploads\/2026\/04\/La-Krete.png","width":2500,"height":2500},{"@type":"BreadcrumbList","@id":"https:\/\/www.cavedesamandiers.ch\/de\/produkt\/la-krete-syrah\/#breadcrumb","itemListElement":[{"@type":"ListItem","position":1,"name":"Accueil","item":"https:\/\/www.cavedesamandiers.ch\/de\/"},{"@type":"ListItem","position":2,"name":"Weines","item":"https:\/\/www.cavedesamandiers.ch\/de\/boutique\/"},{"@type":"ListItem","position":3,"name":"La Kr\u00e8te &#8211; Syrah"}]},{"@type":"WebSite","@id":"https:\/\/www.cavedesamandiers.ch\/de\/#website","url":"https:\/\/www.cavedesamandiers.ch\/de\/","name":"Cave des Amandiers","description":"\u00abIl faut r\u00eaver tr\u00e8s haut pour ne pas r\u00e9aliser trop bas\u00bb","potentialAction":[{"@type":"SearchAction","target":{"@type":"EntryPoint","urlTemplate":"https:\/\/www.cavedesamandiers.ch\/de\/?s={search_term_string}"},"query-input":{"@type":"PropertyValueSpecification","valueRequired":true,"valueName":"search_term_string"}}],"inLanguage":"de"}]}},"_links":{"self":[{"href":"https:\/\/www.cavedesamandiers.ch\/de\/wp-json\/wp\/v2\/product\/21076","targetHints":{"allow":["GET"]}}],"collection":[{"href":"https:\/\/www.cavedesamandiers.ch\/de\/wp-json\/wp\/v2\/product"}],"about":[{"href":"https:\/\/www.cavedesamandiers.ch\/de\/wp-json\/wp\/v2\/types\/product"}],"wp:featuredmedia":[{"embeddable":true,"href":"https:\/\/www.cavedesamandiers.ch\/de\/wp-json\/wp\/v2\/media\/21050"}],"wp:attachment":[{"href":"https:\/\/www.cavedesamandiers.ch\/de\/wp-json\/wp\/v2\/media?parent=21076"}],"wp:term":[{"taxonomy":"product_brand","embeddable":true,"href":"https:\/\/www.cavedesamandiers.ch\/de\/wp-json\/wp\/v2\/product_brand?post=21076"},{"taxonomy":"product_cat","embeddable":true,"href":"https:\/\/www.cavedesamandiers.ch\/de\/wp-json\/wp\/v2\/product_cat?post=21076"},{"taxonomy":"product_tag","embeddable":true,"href":"https:\/\/www.cavedesamandiers.ch\/de\/wp-json\/wp\/v2\/product_tag?post=21076"}],"curies":[{"name":"wp","href":"https:\/\/api.w.org\/{rel}","templated":true}]}}