{"id":21073,"date":"2026-04-13T09:32:34","date_gmt":"2026-04-13T07:32:34","guid":{"rendered":"https:\/\/www.cavedesamandiers.ch\/product\/le-nevi-humagne-rouge\/"},"modified":"2026-04-13T16:44:32","modified_gmt":"2026-04-13T14:44:32","slug":"le-nevi-humagne-rouge","status":"publish","type":"product","link":"https:\/\/www.cavedesamandiers.ch\/de\/produkt\/le-nevi-humagne-rouge\/","title":{"rendered":"Le N\u00e8vi &#8211; Humagne rouge"},"content":{"rendered":"<p>Terroirs von Tatzes und Lab\u00e9rieux (L\u00f6\u00df, Gneis und Granit), 565 bis 670 Meter H\u00f6he. Teilweise oder vollst\u00e4ndig auf der ganzen Traube vinifiziert, 12 bis 18 Monate in Foudre und gebrauchten F\u00e4ssern gereift, dann 3 bis 18 Monate in der Flasche.<\/p>\n","protected":false},"excerpt":{"rendered":"<p>Die kristallinen Terroirs und die hohe Reife der Trauben erm\u00f6glichen es uns, regelm\u00e4\u00dfig <strong>einen Humagne mit einer fruchtig-w\u00fcrzigen Dimension<\/strong> zu vinifizieren <strong>, weit entfernt von den vegetabilen T\u00fccken der Rebsorte.<\/strong><\/p>\n","protected":false},"featured_media":21043,"template":"","meta":[],"product_brand":[],"product_cat":[234,214],"product_tag":[],"class_list":{"0":"post-21073","1":"product","2":"type-product","3":"status-publish","4":"has-post-thumbnail","6":"product_cat-divers","7":"product_cat-geist-les-terroirs-weiss","9":"first","10":"instock","11":"taxable","12":"shipping-taxable","13":"purchasable","14":"product-type-simple"},"yoast_head":"<!-- This site is optimized with the Yoast SEO plugin v26.2 - https:\/\/yoast.com\/wordpress\/plugins\/seo\/ -->\n<title>Le N\u00e8vi - Humagne rouge - Cave des Amandiers<\/title>\n<meta name=\"robots\" content=\"index, follow, max-snippet:-1, max-image-preview:large, max-video-preview:-1\" \/>\n<link rel=\"canonical\" href=\"https:\/\/www.cavedesamandiers.ch\/de\/produkt\/le-nevi-humagne-rouge\/\" \/>\n<meta property=\"og:locale\" content=\"de_DE\" \/>\n<meta property=\"og:type\" content=\"article\" \/>\n<meta property=\"og:title\" content=\"Le N\u00e8vi - Humagne rouge - Cave des Amandiers\" \/>\n<meta property=\"og:description\" content=\"Die kristallinen Terroirs und die hohe Reife der Trauben erm\u00f6glichen es uns, regelm\u00e4\u00dfig einen Humagne mit einer fruchtig-w\u00fcrzigen Dimension zu vinifizieren , weit entfernt von den vegetabilen T\u00fccken der Rebsorte.\" \/>\n<meta property=\"og:url\" content=\"https:\/\/www.cavedesamandiers.ch\/de\/produkt\/le-nevi-humagne-rouge\/\" \/>\n<meta property=\"og:site_name\" content=\"Cave des Amandiers\" \/>\n<meta property=\"article:modified_time\" content=\"2026-04-13T14:44:32+00:00\" \/>\n<meta property=\"og:image\" content=\"https:\/\/www.cavedesamandiers.ch\/wp-content\/uploads\/2026\/04\/Le-Nevi.png\" \/>\n\t<meta property=\"og:image:width\" content=\"2500\" \/>\n\t<meta property=\"og:image:height\" content=\"2500\" \/>\n\t<meta property=\"og:image:type\" content=\"image\/png\" \/>\n<meta name=\"twitter:card\" content=\"summary_large_image\" \/>\n<meta name=\"twitter:label1\" content=\"Gesch\u00e4tzte Lesezeit\" \/>\n\t<meta name=\"twitter:data1\" content=\"1\u00a0Minute\" \/>\n<script type=\"application\/ld+json\" class=\"yoast-schema-graph\">{\"@context\":\"https:\/\/schema.org\",\"@graph\":[{\"@type\":\"WebPage\",\"@id\":\"https:\/\/www.cavedesamandiers.ch\/de\/produkt\/le-nevi-humagne-rouge\/\",\"url\":\"https:\/\/www.cavedesamandiers.ch\/de\/produkt\/le-nevi-humagne-rouge\/\",\"name\":\"Le N\u00e8vi - Humagne rouge - Cave des Amandiers\",\"isPartOf\":{\"@id\":\"https:\/\/www.cavedesamandiers.ch\/de\/#website\"},\"primaryImageOfPage\":{\"@id\":\"https:\/\/www.cavedesamandiers.ch\/de\/produkt\/le-nevi-humagne-rouge\/#primaryimage\"},\"image\":{\"@id\":\"https:\/\/www.cavedesamandiers.ch\/de\/produkt\/le-nevi-humagne-rouge\/#primaryimage\"},\"thumbnailUrl\":\"https:\/\/www.cavedesamandiers.ch\/wp-content\/uploads\/2026\/04\/Le-Nevi.png\",\"datePublished\":\"2026-04-13T07:32:34+00:00\",\"dateModified\":\"2026-04-13T14:44:32+00:00\",\"breadcrumb\":{\"@id\":\"https:\/\/www.cavedesamandiers.ch\/de\/produkt\/le-nevi-humagne-rouge\/#breadcrumb\"},\"inLanguage\":\"de\",\"potentialAction\":[{\"@type\":\"ReadAction\",\"target\":[\"https:\/\/www.cavedesamandiers.ch\/de\/produkt\/le-nevi-humagne-rouge\/\"]}]},{\"@type\":\"ImageObject\",\"inLanguage\":\"de\",\"@id\":\"https:\/\/www.cavedesamandiers.ch\/de\/produkt\/le-nevi-humagne-rouge\/#primaryimage\",\"url\":\"https:\/\/www.cavedesamandiers.ch\/wp-content\/uploads\/2026\/04\/Le-Nevi.png\",\"contentUrl\":\"https:\/\/www.cavedesamandiers.ch\/wp-content\/uploads\/2026\/04\/Le-Nevi.png\",\"width\":2500,\"height\":2500},{\"@type\":\"BreadcrumbList\",\"@id\":\"https:\/\/www.cavedesamandiers.ch\/de\/produkt\/le-nevi-humagne-rouge\/#breadcrumb\",\"itemListElement\":[{\"@type\":\"ListItem\",\"position\":1,\"name\":\"Accueil\",\"item\":\"https:\/\/www.cavedesamandiers.ch\/de\/\"},{\"@type\":\"ListItem\",\"position\":2,\"name\":\"Weines\",\"item\":\"https:\/\/www.cavedesamandiers.ch\/de\/boutique\/\"},{\"@type\":\"ListItem\",\"position\":3,\"name\":\"Le N\u00e8vi &#8211; Humagne rouge\"}]},{\"@type\":\"WebSite\",\"@id\":\"https:\/\/www.cavedesamandiers.ch\/de\/#website\",\"url\":\"https:\/\/www.cavedesamandiers.ch\/de\/\",\"name\":\"Cave des Amandiers\",\"description\":\"\u00abIl faut r\u00eaver tr\u00e8s haut pour ne pas r\u00e9aliser trop bas\u00bb\",\"potentialAction\":[{\"@type\":\"SearchAction\",\"target\":{\"@type\":\"EntryPoint\",\"urlTemplate\":\"https:\/\/www.cavedesamandiers.ch\/de\/?s={search_term_string}\"},\"query-input\":{\"@type\":\"PropertyValueSpecification\",\"valueRequired\":true,\"valueName\":\"search_term_string\"}}],\"inLanguage\":\"de\"}]}<\/script>\n<!-- \/ Yoast SEO plugin. -->","yoast_head_json":{"title":"Le N\u00e8vi - Humagne rouge - Cave des Amandiers","robots":{"index":"index","follow":"follow","max-snippet":"max-snippet:-1","max-image-preview":"max-image-preview:large","max-video-preview":"max-video-preview:-1"},"canonical":"https:\/\/www.cavedesamandiers.ch\/de\/produkt\/le-nevi-humagne-rouge\/","og_locale":"de_DE","og_type":"article","og_title":"Le N\u00e8vi - Humagne rouge - Cave des Amandiers","og_description":"Die kristallinen Terroirs und die hohe Reife der Trauben erm\u00f6glichen es uns, regelm\u00e4\u00dfig einen Humagne mit einer fruchtig-w\u00fcrzigen Dimension zu vinifizieren , weit entfernt von den vegetabilen T\u00fccken der Rebsorte.","og_url":"https:\/\/www.cavedesamandiers.ch\/de\/produkt\/le-nevi-humagne-rouge\/","og_site_name":"Cave des Amandiers","article_modified_time":"2026-04-13T14:44:32+00:00","og_image":[{"width":2500,"height":2500,"url":"https:\/\/www.cavedesamandiers.ch\/wp-content\/uploads\/2026\/04\/Le-Nevi.png","type":"image\/png"}],"twitter_card":"summary_large_image","twitter_misc":{"Gesch\u00e4tzte Lesezeit":"1\u00a0Minute"},"schema":{"@context":"https:\/\/schema.org","@graph":[{"@type":"WebPage","@id":"https:\/\/www.cavedesamandiers.ch\/de\/produkt\/le-nevi-humagne-rouge\/","url":"https:\/\/www.cavedesamandiers.ch\/de\/produkt\/le-nevi-humagne-rouge\/","name":"Le N\u00e8vi - Humagne rouge - Cave des Amandiers","isPartOf":{"@id":"https:\/\/www.cavedesamandiers.ch\/de\/#website"},"primaryImageOfPage":{"@id":"https:\/\/www.cavedesamandiers.ch\/de\/produkt\/le-nevi-humagne-rouge\/#primaryimage"},"image":{"@id":"https:\/\/www.cavedesamandiers.ch\/de\/produkt\/le-nevi-humagne-rouge\/#primaryimage"},"thumbnailUrl":"https:\/\/www.cavedesamandiers.ch\/wp-content\/uploads\/2026\/04\/Le-Nevi.png","datePublished":"2026-04-13T07:32:34+00:00","dateModified":"2026-04-13T14:44:32+00:00","breadcrumb":{"@id":"https:\/\/www.cavedesamandiers.ch\/de\/produkt\/le-nevi-humagne-rouge\/#breadcrumb"},"inLanguage":"de","potentialAction":[{"@type":"ReadAction","target":["https:\/\/www.cavedesamandiers.ch\/de\/produkt\/le-nevi-humagne-rouge\/"]}]},{"@type":"ImageObject","inLanguage":"de","@id":"https:\/\/www.cavedesamandiers.ch\/de\/produkt\/le-nevi-humagne-rouge\/#primaryimage","url":"https:\/\/www.cavedesamandiers.ch\/wp-content\/uploads\/2026\/04\/Le-Nevi.png","contentUrl":"https:\/\/www.cavedesamandiers.ch\/wp-content\/uploads\/2026\/04\/Le-Nevi.png","width":2500,"height":2500},{"@type":"BreadcrumbList","@id":"https:\/\/www.cavedesamandiers.ch\/de\/produkt\/le-nevi-humagne-rouge\/#breadcrumb","itemListElement":[{"@type":"ListItem","position":1,"name":"Accueil","item":"https:\/\/www.cavedesamandiers.ch\/de\/"},{"@type":"ListItem","position":2,"name":"Weines","item":"https:\/\/www.cavedesamandiers.ch\/de\/boutique\/"},{"@type":"ListItem","position":3,"name":"Le N\u00e8vi &#8211; Humagne rouge"}]},{"@type":"WebSite","@id":"https:\/\/www.cavedesamandiers.ch\/de\/#website","url":"https:\/\/www.cavedesamandiers.ch\/de\/","name":"Cave des Amandiers","description":"\u00abIl faut r\u00eaver tr\u00e8s haut pour ne pas r\u00e9aliser trop bas\u00bb","potentialAction":[{"@type":"SearchAction","target":{"@type":"EntryPoint","urlTemplate":"https:\/\/www.cavedesamandiers.ch\/de\/?s={search_term_string}"},"query-input":{"@type":"PropertyValueSpecification","valueRequired":true,"valueName":"search_term_string"}}],"inLanguage":"de"}]}},"_links":{"self":[{"href":"https:\/\/www.cavedesamandiers.ch\/de\/wp-json\/wp\/v2\/product\/21073","targetHints":{"allow":["GET"]}}],"collection":[{"href":"https:\/\/www.cavedesamandiers.ch\/de\/wp-json\/wp\/v2\/product"}],"about":[{"href":"https:\/\/www.cavedesamandiers.ch\/de\/wp-json\/wp\/v2\/types\/product"}],"wp:featuredmedia":[{"embeddable":true,"href":"https:\/\/www.cavedesamandiers.ch\/de\/wp-json\/wp\/v2\/media\/21043"}],"wp:attachment":[{"href":"https:\/\/www.cavedesamandiers.ch\/de\/wp-json\/wp\/v2\/media?parent=21073"}],"wp:term":[{"taxonomy":"product_brand","embeddable":true,"href":"https:\/\/www.cavedesamandiers.ch\/de\/wp-json\/wp\/v2\/product_brand?post=21073"},{"taxonomy":"product_cat","embeddable":true,"href":"https:\/\/www.cavedesamandiers.ch\/de\/wp-json\/wp\/v2\/product_cat?post=21073"},{"taxonomy":"product_tag","embeddable":true,"href":"https:\/\/www.cavedesamandiers.ch\/de\/wp-json\/wp\/v2\/product_tag?post=21073"}],"curies":[{"name":"wp","href":"https:\/\/api.w.org\/{rel}","templated":true}]}}