{"id":20217,"date":"2025-06-18T10:47:04","date_gmt":"2025-06-18T08:47:04","guid":{"rendered":"https:\/\/www.cavedesamandiers.ch\/product\/gamay-deuloz-2021\/"},"modified":"2025-09-29T12:09:29","modified_gmt":"2025-09-29T10:09:29","slug":"gamay-deuloz-2021","status":"publish","type":"product","link":"https:\/\/www.cavedesamandiers.ch\/de\/produkt\/gamay-deuloz-2021\/","title":{"rendered":"Gamay d\u2019Euloz &#8211; 2021"},"content":{"rendered":"<p>Dieser charaktervolle Gamay stammt aus einem extremen, hoch gelegenen Terroir und duftet nach Pfeffer, Rauch und edlen Gew\u00fcrzen. Am Gaumen ist er sehr saftig, mit feinen, sehr reifen, aber frischen Tanninen. Ein intensiver, rassiger Gamay.<\/p>\n","protected":false},"excerpt":{"rendered":"<p>Terroir von Chanton d&#8217;Euloz (Gneis), 770 Meter \u00fcber dem Meeresspiegel.<\/p>\n","protected":false},"featured_media":20218,"template":"","meta":[],"product_brand":[],"product_cat":[215],"product_tag":[],"class_list":{"0":"post-20217","1":"product","2":"type-product","3":"status-publish","4":"has-post-thumbnail","6":"product_cat-esprit-les-terroirs-rouge","8":"first","9":"instock","10":"taxable","11":"shipping-taxable","12":"purchasable","13":"product-type-simple"},"yoast_head":"<!-- This site is optimized with the Yoast SEO plugin v26.2 - https:\/\/yoast.com\/wordpress\/plugins\/seo\/ -->\n<title>Gamay d\u2019Euloz - 2021 - Cave des Amandiers<\/title>\n<meta name=\"robots\" content=\"index, follow, max-snippet:-1, max-image-preview:large, max-video-preview:-1\" \/>\n<link rel=\"canonical\" href=\"https:\/\/www.cavedesamandiers.ch\/de\/produkt\/gamay-deuloz-2021\/\" \/>\n<meta property=\"og:locale\" content=\"de_DE\" \/>\n<meta property=\"og:type\" content=\"article\" \/>\n<meta property=\"og:title\" content=\"Gamay d\u2019Euloz - 2021 - Cave des Amandiers\" \/>\n<meta property=\"og:description\" content=\"Terroir von Chanton d&#039;Euloz (Gneis), 770 Meter \u00fcber dem Meeresspiegel.\" \/>\n<meta property=\"og:url\" content=\"https:\/\/www.cavedesamandiers.ch\/de\/produkt\/gamay-deuloz-2021\/\" \/>\n<meta property=\"og:site_name\" content=\"Cave des Amandiers\" \/>\n<meta property=\"article:modified_time\" content=\"2025-09-29T10:09:29+00:00\" \/>\n<meta property=\"og:image\" content=\"https:\/\/www.cavedesamandiers.ch\/wp-content\/uploads\/2025\/06\/GAMAY-EULOZ-1.jpg\" \/>\n\t<meta property=\"og:image:width\" content=\"1920\" \/>\n\t<meta property=\"og:image:height\" content=\"1920\" \/>\n\t<meta property=\"og:image:type\" content=\"image\/jpeg\" \/>\n<meta name=\"twitter:card\" content=\"summary_large_image\" \/>\n<script type=\"application\/ld+json\" class=\"yoast-schema-graph\">{\"@context\":\"https:\/\/schema.org\",\"@graph\":[{\"@type\":\"WebPage\",\"@id\":\"https:\/\/www.cavedesamandiers.ch\/de\/produkt\/gamay-deuloz-2021\/\",\"url\":\"https:\/\/www.cavedesamandiers.ch\/de\/produkt\/gamay-deuloz-2021\/\",\"name\":\"Gamay d\u2019Euloz - 2021 - Cave des Amandiers\",\"isPartOf\":{\"@id\":\"https:\/\/www.cavedesamandiers.ch\/de\/#website\"},\"primaryImageOfPage\":{\"@id\":\"https:\/\/www.cavedesamandiers.ch\/de\/produkt\/gamay-deuloz-2021\/#primaryimage\"},\"image\":{\"@id\":\"https:\/\/www.cavedesamandiers.ch\/de\/produkt\/gamay-deuloz-2021\/#primaryimage\"},\"thumbnailUrl\":\"https:\/\/www.cavedesamandiers.ch\/wp-content\/uploads\/2025\/06\/GAMAY-EULOZ-1.jpg\",\"datePublished\":\"2025-06-18T08:47:04+00:00\",\"dateModified\":\"2025-09-29T10:09:29+00:00\",\"breadcrumb\":{\"@id\":\"https:\/\/www.cavedesamandiers.ch\/de\/produkt\/gamay-deuloz-2021\/#breadcrumb\"},\"inLanguage\":\"de\",\"potentialAction\":[{\"@type\":\"ReadAction\",\"target\":[\"https:\/\/www.cavedesamandiers.ch\/de\/produkt\/gamay-deuloz-2021\/\"]}]},{\"@type\":\"ImageObject\",\"inLanguage\":\"de\",\"@id\":\"https:\/\/www.cavedesamandiers.ch\/de\/produkt\/gamay-deuloz-2021\/#primaryimage\",\"url\":\"https:\/\/www.cavedesamandiers.ch\/wp-content\/uploads\/2025\/06\/GAMAY-EULOZ-1.jpg\",\"contentUrl\":\"https:\/\/www.cavedesamandiers.ch\/wp-content\/uploads\/2025\/06\/GAMAY-EULOZ-1.jpg\",\"width\":1920,\"height\":1920},{\"@type\":\"BreadcrumbList\",\"@id\":\"https:\/\/www.cavedesamandiers.ch\/de\/produkt\/gamay-deuloz-2021\/#breadcrumb\",\"itemListElement\":[{\"@type\":\"ListItem\",\"position\":1,\"name\":\"Accueil\",\"item\":\"https:\/\/www.cavedesamandiers.ch\/de\/\"},{\"@type\":\"ListItem\",\"position\":2,\"name\":\"Weines\",\"item\":\"https:\/\/www.cavedesamandiers.ch\/de\/boutique\/\"},{\"@type\":\"ListItem\",\"position\":3,\"name\":\"Gamay d\u2019Euloz &#8211; 2021\"}]},{\"@type\":\"WebSite\",\"@id\":\"https:\/\/www.cavedesamandiers.ch\/de\/#website\",\"url\":\"https:\/\/www.cavedesamandiers.ch\/de\/\",\"name\":\"Cave des Amandiers\",\"description\":\"\u00abIl faut r\u00eaver tr\u00e8s haut pour ne pas r\u00e9aliser trop bas\u00bb\",\"potentialAction\":[{\"@type\":\"SearchAction\",\"target\":{\"@type\":\"EntryPoint\",\"urlTemplate\":\"https:\/\/www.cavedesamandiers.ch\/de\/?s={search_term_string}\"},\"query-input\":{\"@type\":\"PropertyValueSpecification\",\"valueRequired\":true,\"valueName\":\"search_term_string\"}}],\"inLanguage\":\"de\"}]}<\/script>\n<!-- \/ Yoast SEO plugin. -->","yoast_head_json":{"title":"Gamay d\u2019Euloz - 2021 - Cave des Amandiers","robots":{"index":"index","follow":"follow","max-snippet":"max-snippet:-1","max-image-preview":"max-image-preview:large","max-video-preview":"max-video-preview:-1"},"canonical":"https:\/\/www.cavedesamandiers.ch\/de\/produkt\/gamay-deuloz-2021\/","og_locale":"de_DE","og_type":"article","og_title":"Gamay d\u2019Euloz - 2021 - Cave des Amandiers","og_description":"Terroir von Chanton d'Euloz (Gneis), 770 Meter \u00fcber dem Meeresspiegel.","og_url":"https:\/\/www.cavedesamandiers.ch\/de\/produkt\/gamay-deuloz-2021\/","og_site_name":"Cave des Amandiers","article_modified_time":"2025-09-29T10:09:29+00:00","og_image":[{"width":1920,"height":1920,"url":"https:\/\/www.cavedesamandiers.ch\/wp-content\/uploads\/2025\/06\/GAMAY-EULOZ-1.jpg","type":"image\/jpeg"}],"twitter_card":"summary_large_image","schema":{"@context":"https:\/\/schema.org","@graph":[{"@type":"WebPage","@id":"https:\/\/www.cavedesamandiers.ch\/de\/produkt\/gamay-deuloz-2021\/","url":"https:\/\/www.cavedesamandiers.ch\/de\/produkt\/gamay-deuloz-2021\/","name":"Gamay d\u2019Euloz - 2021 - Cave des Amandiers","isPartOf":{"@id":"https:\/\/www.cavedesamandiers.ch\/de\/#website"},"primaryImageOfPage":{"@id":"https:\/\/www.cavedesamandiers.ch\/de\/produkt\/gamay-deuloz-2021\/#primaryimage"},"image":{"@id":"https:\/\/www.cavedesamandiers.ch\/de\/produkt\/gamay-deuloz-2021\/#primaryimage"},"thumbnailUrl":"https:\/\/www.cavedesamandiers.ch\/wp-content\/uploads\/2025\/06\/GAMAY-EULOZ-1.jpg","datePublished":"2025-06-18T08:47:04+00:00","dateModified":"2025-09-29T10:09:29+00:00","breadcrumb":{"@id":"https:\/\/www.cavedesamandiers.ch\/de\/produkt\/gamay-deuloz-2021\/#breadcrumb"},"inLanguage":"de","potentialAction":[{"@type":"ReadAction","target":["https:\/\/www.cavedesamandiers.ch\/de\/produkt\/gamay-deuloz-2021\/"]}]},{"@type":"ImageObject","inLanguage":"de","@id":"https:\/\/www.cavedesamandiers.ch\/de\/produkt\/gamay-deuloz-2021\/#primaryimage","url":"https:\/\/www.cavedesamandiers.ch\/wp-content\/uploads\/2025\/06\/GAMAY-EULOZ-1.jpg","contentUrl":"https:\/\/www.cavedesamandiers.ch\/wp-content\/uploads\/2025\/06\/GAMAY-EULOZ-1.jpg","width":1920,"height":1920},{"@type":"BreadcrumbList","@id":"https:\/\/www.cavedesamandiers.ch\/de\/produkt\/gamay-deuloz-2021\/#breadcrumb","itemListElement":[{"@type":"ListItem","position":1,"name":"Accueil","item":"https:\/\/www.cavedesamandiers.ch\/de\/"},{"@type":"ListItem","position":2,"name":"Weines","item":"https:\/\/www.cavedesamandiers.ch\/de\/boutique\/"},{"@type":"ListItem","position":3,"name":"Gamay d\u2019Euloz &#8211; 2021"}]},{"@type":"WebSite","@id":"https:\/\/www.cavedesamandiers.ch\/de\/#website","url":"https:\/\/www.cavedesamandiers.ch\/de\/","name":"Cave des Amandiers","description":"\u00abIl faut r\u00eaver tr\u00e8s haut pour ne pas r\u00e9aliser trop bas\u00bb","potentialAction":[{"@type":"SearchAction","target":{"@type":"EntryPoint","urlTemplate":"https:\/\/www.cavedesamandiers.ch\/de\/?s={search_term_string}"},"query-input":{"@type":"PropertyValueSpecification","valueRequired":true,"valueName":"search_term_string"}}],"inLanguage":"de"}]}},"_links":{"self":[{"href":"https:\/\/www.cavedesamandiers.ch\/de\/wp-json\/wp\/v2\/product\/20217","targetHints":{"allow":["GET"]}}],"collection":[{"href":"https:\/\/www.cavedesamandiers.ch\/de\/wp-json\/wp\/v2\/product"}],"about":[{"href":"https:\/\/www.cavedesamandiers.ch\/de\/wp-json\/wp\/v2\/types\/product"}],"wp:featuredmedia":[{"embeddable":true,"href":"https:\/\/www.cavedesamandiers.ch\/de\/wp-json\/wp\/v2\/media\/20218"}],"wp:attachment":[{"href":"https:\/\/www.cavedesamandiers.ch\/de\/wp-json\/wp\/v2\/media?parent=20217"}],"wp:term":[{"taxonomy":"product_brand","embeddable":true,"href":"https:\/\/www.cavedesamandiers.ch\/de\/wp-json\/wp\/v2\/product_brand?post=20217"},{"taxonomy":"product_cat","embeddable":true,"href":"https:\/\/www.cavedesamandiers.ch\/de\/wp-json\/wp\/v2\/product_cat?post=20217"},{"taxonomy":"product_tag","embeddable":true,"href":"https:\/\/www.cavedesamandiers.ch\/de\/wp-json\/wp\/v2\/product_tag?post=20217"}],"curies":[{"name":"wp","href":"https:\/\/api.w.org\/{rel}","templated":true}]}}