{"id":20205,"date":"2025-06-18T09:48:19","date_gmt":"2025-06-18T07:48:19","guid":{"rendered":"https:\/\/www.cavedesamandiers.ch\/product\/petite-arvine-les-seyes-2023\/"},"modified":"2025-09-29T11:53:47","modified_gmt":"2025-09-29T09:53:47","slug":"petite-arvine-les-seyes-2023","status":"publish","type":"product","link":"https:\/\/www.cavedesamandiers.ch\/de\/produkt\/petite-arvine-les-seyes-2023\/","title":{"rendered":"Petite Arvine Les Seyes &#8211; 2023"},"content":{"rendered":"<p>Dank seines sonnigen und kristallinen Terroirs bietet er w\u00fcrzige Zitrusakzente und eine mineralische Note. Der Wein ist kraftvoll und raffiniert zugleich, leuchtend, mit einer ausgepr\u00e4gten Salzigkeit und Frische. Ein ausdrucksstarker Arvine aus einer gro\u00dfartigen Lage.<\/p>\n","protected":false},"excerpt":{"rendered":"<p>Terroir Les Seyes, 600 bis 650 Meter \u00fcber dem Meeresspiegel. Seitliche Gletschermor\u00e4nen auf Gneis, unter L\u00f6ss und Ger\u00f6ll begraben, von den Winzern als \u201eTerres grises\u201d (graue Erde) bezeichnet.<\/p>\n","protected":false},"featured_media":20206,"template":"","meta":[],"product_brand":[],"product_cat":[214],"product_tag":[],"class_list":{"0":"post-20205","1":"product","2":"type-product","3":"status-publish","4":"has-post-thumbnail","6":"product_cat-geist-les-terroirs-weiss","8":"first","9":"instock","10":"taxable","11":"shipping-taxable","12":"purchasable","13":"product-type-simple"},"yoast_head":"<!-- This site is optimized with the Yoast SEO plugin v26.2 - https:\/\/yoast.com\/wordpress\/plugins\/seo\/ -->\n<title>Petite Arvine Les Seyes - 2023 - Cave des Amandiers<\/title>\n<meta name=\"robots\" content=\"index, follow, max-snippet:-1, max-image-preview:large, max-video-preview:-1\" \/>\n<link rel=\"canonical\" href=\"https:\/\/www.cavedesamandiers.ch\/de\/produkt\/petite-arvine-les-seyes-2023\/\" \/>\n<meta property=\"og:locale\" content=\"de_DE\" \/>\n<meta property=\"og:type\" content=\"article\" \/>\n<meta property=\"og:title\" content=\"Petite Arvine Les Seyes - 2023 - Cave des Amandiers\" \/>\n<meta property=\"og:description\" content=\"Terroir Les Seyes, 600 bis 650 Meter \u00fcber dem Meeresspiegel. Seitliche Gletschermor\u00e4nen auf Gneis, unter L\u00f6ss und Ger\u00f6ll begraben, von den Winzern als \u201eTerres grises\u201d (graue Erde) bezeichnet.\" \/>\n<meta property=\"og:url\" content=\"https:\/\/www.cavedesamandiers.ch\/de\/produkt\/petite-arvine-les-seyes-2023\/\" \/>\n<meta property=\"og:site_name\" content=\"Cave des Amandiers\" \/>\n<meta property=\"article:modified_time\" content=\"2025-09-29T09:53:47+00:00\" \/>\n<meta property=\"og:image\" content=\"https:\/\/www.cavedesamandiers.ch\/wp-content\/uploads\/2025\/06\/PETITE-ARVINE-LES-SEYES-1.jpg\" \/>\n\t<meta property=\"og:image:width\" content=\"1920\" \/>\n\t<meta property=\"og:image:height\" content=\"1920\" \/>\n\t<meta property=\"og:image:type\" content=\"image\/jpeg\" \/>\n<meta name=\"twitter:card\" content=\"summary_large_image\" \/>\n<script type=\"application\/ld+json\" class=\"yoast-schema-graph\">{\"@context\":\"https:\/\/schema.org\",\"@graph\":[{\"@type\":\"WebPage\",\"@id\":\"https:\/\/www.cavedesamandiers.ch\/de\/produkt\/petite-arvine-les-seyes-2023\/\",\"url\":\"https:\/\/www.cavedesamandiers.ch\/de\/produkt\/petite-arvine-les-seyes-2023\/\",\"name\":\"Petite Arvine Les Seyes - 2023 - Cave des Amandiers\",\"isPartOf\":{\"@id\":\"https:\/\/www.cavedesamandiers.ch\/de\/#website\"},\"primaryImageOfPage\":{\"@id\":\"https:\/\/www.cavedesamandiers.ch\/de\/produkt\/petite-arvine-les-seyes-2023\/#primaryimage\"},\"image\":{\"@id\":\"https:\/\/www.cavedesamandiers.ch\/de\/produkt\/petite-arvine-les-seyes-2023\/#primaryimage\"},\"thumbnailUrl\":\"https:\/\/www.cavedesamandiers.ch\/wp-content\/uploads\/2025\/06\/PETITE-ARVINE-LES-SEYES-1.jpg\",\"datePublished\":\"2025-06-18T07:48:19+00:00\",\"dateModified\":\"2025-09-29T09:53:47+00:00\",\"breadcrumb\":{\"@id\":\"https:\/\/www.cavedesamandiers.ch\/de\/produkt\/petite-arvine-les-seyes-2023\/#breadcrumb\"},\"inLanguage\":\"de\",\"potentialAction\":[{\"@type\":\"ReadAction\",\"target\":[\"https:\/\/www.cavedesamandiers.ch\/de\/produkt\/petite-arvine-les-seyes-2023\/\"]}]},{\"@type\":\"ImageObject\",\"inLanguage\":\"de\",\"@id\":\"https:\/\/www.cavedesamandiers.ch\/de\/produkt\/petite-arvine-les-seyes-2023\/#primaryimage\",\"url\":\"https:\/\/www.cavedesamandiers.ch\/wp-content\/uploads\/2025\/06\/PETITE-ARVINE-LES-SEYES-1.jpg\",\"contentUrl\":\"https:\/\/www.cavedesamandiers.ch\/wp-content\/uploads\/2025\/06\/PETITE-ARVINE-LES-SEYES-1.jpg\",\"width\":1920,\"height\":1920},{\"@type\":\"BreadcrumbList\",\"@id\":\"https:\/\/www.cavedesamandiers.ch\/de\/produkt\/petite-arvine-les-seyes-2023\/#breadcrumb\",\"itemListElement\":[{\"@type\":\"ListItem\",\"position\":1,\"name\":\"Accueil\",\"item\":\"https:\/\/www.cavedesamandiers.ch\/de\/\"},{\"@type\":\"ListItem\",\"position\":2,\"name\":\"Weines\",\"item\":\"https:\/\/www.cavedesamandiers.ch\/de\/boutique\/\"},{\"@type\":\"ListItem\",\"position\":3,\"name\":\"Petite Arvine Les Seyes &#8211; 2023\"}]},{\"@type\":\"WebSite\",\"@id\":\"https:\/\/www.cavedesamandiers.ch\/de\/#website\",\"url\":\"https:\/\/www.cavedesamandiers.ch\/de\/\",\"name\":\"Cave des Amandiers\",\"description\":\"\u00abIl faut r\u00eaver tr\u00e8s haut pour ne pas r\u00e9aliser trop bas\u00bb\",\"potentialAction\":[{\"@type\":\"SearchAction\",\"target\":{\"@type\":\"EntryPoint\",\"urlTemplate\":\"https:\/\/www.cavedesamandiers.ch\/de\/?s={search_term_string}\"},\"query-input\":{\"@type\":\"PropertyValueSpecification\",\"valueRequired\":true,\"valueName\":\"search_term_string\"}}],\"inLanguage\":\"de\"}]}<\/script>\n<!-- \/ Yoast SEO plugin. -->","yoast_head_json":{"title":"Petite Arvine Les Seyes - 2023 - Cave des Amandiers","robots":{"index":"index","follow":"follow","max-snippet":"max-snippet:-1","max-image-preview":"max-image-preview:large","max-video-preview":"max-video-preview:-1"},"canonical":"https:\/\/www.cavedesamandiers.ch\/de\/produkt\/petite-arvine-les-seyes-2023\/","og_locale":"de_DE","og_type":"article","og_title":"Petite Arvine Les Seyes - 2023 - Cave des Amandiers","og_description":"Terroir Les Seyes, 600 bis 650 Meter \u00fcber dem Meeresspiegel. Seitliche Gletschermor\u00e4nen auf Gneis, unter L\u00f6ss und Ger\u00f6ll begraben, von den Winzern als \u201eTerres grises\u201d (graue Erde) bezeichnet.","og_url":"https:\/\/www.cavedesamandiers.ch\/de\/produkt\/petite-arvine-les-seyes-2023\/","og_site_name":"Cave des Amandiers","article_modified_time":"2025-09-29T09:53:47+00:00","og_image":[{"width":1920,"height":1920,"url":"https:\/\/www.cavedesamandiers.ch\/wp-content\/uploads\/2025\/06\/PETITE-ARVINE-LES-SEYES-1.jpg","type":"image\/jpeg"}],"twitter_card":"summary_large_image","schema":{"@context":"https:\/\/schema.org","@graph":[{"@type":"WebPage","@id":"https:\/\/www.cavedesamandiers.ch\/de\/produkt\/petite-arvine-les-seyes-2023\/","url":"https:\/\/www.cavedesamandiers.ch\/de\/produkt\/petite-arvine-les-seyes-2023\/","name":"Petite Arvine Les Seyes - 2023 - Cave des Amandiers","isPartOf":{"@id":"https:\/\/www.cavedesamandiers.ch\/de\/#website"},"primaryImageOfPage":{"@id":"https:\/\/www.cavedesamandiers.ch\/de\/produkt\/petite-arvine-les-seyes-2023\/#primaryimage"},"image":{"@id":"https:\/\/www.cavedesamandiers.ch\/de\/produkt\/petite-arvine-les-seyes-2023\/#primaryimage"},"thumbnailUrl":"https:\/\/www.cavedesamandiers.ch\/wp-content\/uploads\/2025\/06\/PETITE-ARVINE-LES-SEYES-1.jpg","datePublished":"2025-06-18T07:48:19+00:00","dateModified":"2025-09-29T09:53:47+00:00","breadcrumb":{"@id":"https:\/\/www.cavedesamandiers.ch\/de\/produkt\/petite-arvine-les-seyes-2023\/#breadcrumb"},"inLanguage":"de","potentialAction":[{"@type":"ReadAction","target":["https:\/\/www.cavedesamandiers.ch\/de\/produkt\/petite-arvine-les-seyes-2023\/"]}]},{"@type":"ImageObject","inLanguage":"de","@id":"https:\/\/www.cavedesamandiers.ch\/de\/produkt\/petite-arvine-les-seyes-2023\/#primaryimage","url":"https:\/\/www.cavedesamandiers.ch\/wp-content\/uploads\/2025\/06\/PETITE-ARVINE-LES-SEYES-1.jpg","contentUrl":"https:\/\/www.cavedesamandiers.ch\/wp-content\/uploads\/2025\/06\/PETITE-ARVINE-LES-SEYES-1.jpg","width":1920,"height":1920},{"@type":"BreadcrumbList","@id":"https:\/\/www.cavedesamandiers.ch\/de\/produkt\/petite-arvine-les-seyes-2023\/#breadcrumb","itemListElement":[{"@type":"ListItem","position":1,"name":"Accueil","item":"https:\/\/www.cavedesamandiers.ch\/de\/"},{"@type":"ListItem","position":2,"name":"Weines","item":"https:\/\/www.cavedesamandiers.ch\/de\/boutique\/"},{"@type":"ListItem","position":3,"name":"Petite Arvine Les Seyes &#8211; 2023"}]},{"@type":"WebSite","@id":"https:\/\/www.cavedesamandiers.ch\/de\/#website","url":"https:\/\/www.cavedesamandiers.ch\/de\/","name":"Cave des Amandiers","description":"\u00abIl faut r\u00eaver tr\u00e8s haut pour ne pas r\u00e9aliser trop bas\u00bb","potentialAction":[{"@type":"SearchAction","target":{"@type":"EntryPoint","urlTemplate":"https:\/\/www.cavedesamandiers.ch\/de\/?s={search_term_string}"},"query-input":{"@type":"PropertyValueSpecification","valueRequired":true,"valueName":"search_term_string"}}],"inLanguage":"de"}]}},"_links":{"self":[{"href":"https:\/\/www.cavedesamandiers.ch\/de\/wp-json\/wp\/v2\/product\/20205","targetHints":{"allow":["GET"]}}],"collection":[{"href":"https:\/\/www.cavedesamandiers.ch\/de\/wp-json\/wp\/v2\/product"}],"about":[{"href":"https:\/\/www.cavedesamandiers.ch\/de\/wp-json\/wp\/v2\/types\/product"}],"wp:featuredmedia":[{"embeddable":true,"href":"https:\/\/www.cavedesamandiers.ch\/de\/wp-json\/wp\/v2\/media\/20206"}],"wp:attachment":[{"href":"https:\/\/www.cavedesamandiers.ch\/de\/wp-json\/wp\/v2\/media?parent=20205"}],"wp:term":[{"taxonomy":"product_brand","embeddable":true,"href":"https:\/\/www.cavedesamandiers.ch\/de\/wp-json\/wp\/v2\/product_brand?post=20205"},{"taxonomy":"product_cat","embeddable":true,"href":"https:\/\/www.cavedesamandiers.ch\/de\/wp-json\/wp\/v2\/product_cat?post=20205"},{"taxonomy":"product_tag","embeddable":true,"href":"https:\/\/www.cavedesamandiers.ch\/de\/wp-json\/wp\/v2\/product_tag?post=20205"}],"curies":[{"name":"wp","href":"https:\/\/api.w.org\/{rel}","templated":true}]}}