{"id":20201,"date":"2025-06-18T09:42:41","date_gmt":"2025-06-18T07:42:41","guid":{"rendered":"https:\/\/www.cavedesamandiers.ch\/product\/petite-arvine-en-anze-2023\/"},"modified":"2026-04-13T11:59:44","modified_gmt":"2026-04-13T09:59:44","slug":"petite-arvine-en-anze-2023","status":"publish","type":"product","link":"https:\/\/www.cavedesamandiers.ch\/de\/produkt\/petite-arvine-en-anze-2023\/","title":{"rendered":"En Anz\u00e9 &#8211; Petite Arvine"},"content":{"rendered":"<p><em>Terroir in Anz\u00e9, 530 Meter \u00fcber dem Meeresspiegel. Lehm-sandiger Boden. Es handelt sich um recht tiefe L\u00f6ssb\u00f6den auf Mor\u00e4nen mit einem sehr geringen Tonanteil. Die Bodenbeschaffenheit \u00e4hnelt ein wenig der in der Gemeinde Fully, allerdings mit einem deutlichen Unterschied hinsichtlich des Kalkgehalts, der hier deutlich h\u00f6her ist. Weinbereitung und Ausbau im Tank f\u00fcr 10 Monate auf der Hefe, anschlie\u00dfend 3 Monate in der Flasche.<\/em><\/p>\n","protected":false},"excerpt":{"rendered":"<p><b>Ein Ausdruck voller Finesse und Sanftheit des Terroirs von Saillon \u2013 ein Arvine, der in seiner Jugend sehr ausdrucksstark ist, aber auch gut altern kann. <\/b>Dieser Petite Arvine stammt aus einem der sch\u00f6nsten Terroirs von Saillon und besticht durch eine Nase von Zitrusfr\u00fcchten, Orangenbl\u00fcten und Jasmin. Am Gaumen ist er vollmundig, reichhaltig, aber frisch, vollkommen trocken und mit einem Abgang, den man als mineralisch bezeichnen w\u00fcrde.<\/p>\n","protected":false},"featured_media":20502,"template":"","meta":[],"product_brand":[],"product_cat":[233,234,214],"product_tag":[],"class_list":{"0":"post-20201","1":"product","2":"type-product","3":"status-publish","4":"has-post-thumbnail","6":"product_cat-selection-printemps","7":"product_cat-divers","8":"product_cat-geist-les-terroirs-weiss","10":"first","11":"instock","12":"taxable","13":"shipping-taxable","14":"purchasable","15":"product-type-simple"},"yoast_head":"<!-- This site is optimized with the Yoast SEO plugin v27.4 - https:\/\/yoast.com\/product\/yoast-seo-wordpress\/ -->\n<title>En Anz\u00e9 - Petite Arvine - Cave des Amandiers<\/title>\n<meta name=\"robots\" content=\"index, follow, max-snippet:-1, max-image-preview:large, max-video-preview:-1\" \/>\n<link rel=\"canonical\" href=\"https:\/\/www.cavedesamandiers.ch\/de\/produkt\/petite-arvine-en-anze-2023\/\" \/>\n<meta property=\"og:locale\" content=\"de_DE\" \/>\n<meta property=\"og:type\" content=\"article\" \/>\n<meta property=\"og:title\" content=\"En Anz\u00e9 - Petite Arvine - Cave des Amandiers\" \/>\n<meta property=\"og:description\" content=\"Ein Ausdruck voller Finesse und Sanftheit des Terroirs von Saillon \u2013 ein Arvine, der in seiner Jugend sehr ausdrucksstark ist, aber auch gut altern kann. Dieser Petite Arvine stammt aus einem der sch\u00f6nsten Terroirs von Saillon und besticht durch eine Nase von Zitrusfr\u00fcchten, Orangenbl\u00fcten und Jasmin. Am Gaumen ist er vollmundig, reichhaltig, aber frisch, vollkommen trocken und mit einem Abgang, den man als mineralisch bezeichnen w\u00fcrde.\" \/>\n<meta property=\"og:url\" content=\"https:\/\/www.cavedesamandiers.ch\/de\/produkt\/petite-arvine-en-anze-2023\/\" \/>\n<meta property=\"og:site_name\" content=\"Cave des Amandiers\" \/>\n<meta property=\"article:modified_time\" content=\"2026-04-13T09:59:44+00:00\" \/>\n<meta property=\"og:image\" content=\"https:\/\/www.cavedesamandiers.ch\/wp-content\/uploads\/2025\/09\/En-Anze_DET.png\" \/>\n\t<meta property=\"og:image:width\" content=\"2500\" \/>\n\t<meta property=\"og:image:height\" content=\"2500\" \/>\n\t<meta property=\"og:image:type\" content=\"image\/png\" \/>\n<meta name=\"twitter:card\" content=\"summary_large_image\" \/>\n<meta name=\"twitter:label1\" content=\"Gesch\u00e4tzte Lesezeit\" \/>\n\t<meta name=\"twitter:data1\" content=\"1\u00a0Minute\" \/>\n<script type=\"application\/ld+json\" class=\"yoast-schema-graph\">{\"@context\":\"https:\\\/\\\/schema.org\",\"@graph\":[{\"@type\":\"WebPage\",\"@id\":\"https:\\\/\\\/www.cavedesamandiers.ch\\\/de\\\/produkt\\\/petite-arvine-en-anze-2023\\\/\",\"url\":\"https:\\\/\\\/www.cavedesamandiers.ch\\\/de\\\/produkt\\\/petite-arvine-en-anze-2023\\\/\",\"name\":\"En Anz\u00e9 - Petite Arvine - Cave des Amandiers\",\"isPartOf\":{\"@id\":\"https:\\\/\\\/www.cavedesamandiers.ch\\\/de\\\/#website\"},\"primaryImageOfPage\":{\"@id\":\"https:\\\/\\\/www.cavedesamandiers.ch\\\/de\\\/produkt\\\/petite-arvine-en-anze-2023\\\/#primaryimage\"},\"image\":{\"@id\":\"https:\\\/\\\/www.cavedesamandiers.ch\\\/de\\\/produkt\\\/petite-arvine-en-anze-2023\\\/#primaryimage\"},\"thumbnailUrl\":\"https:\\\/\\\/www.cavedesamandiers.ch\\\/wp-content\\\/uploads\\\/2025\\\/09\\\/En-Anze_DET.png\",\"datePublished\":\"2025-06-18T07:42:41+00:00\",\"dateModified\":\"2026-04-13T09:59:44+00:00\",\"breadcrumb\":{\"@id\":\"https:\\\/\\\/www.cavedesamandiers.ch\\\/de\\\/produkt\\\/petite-arvine-en-anze-2023\\\/#breadcrumb\"},\"inLanguage\":\"de\",\"potentialAction\":[{\"@type\":\"ReadAction\",\"target\":[\"https:\\\/\\\/www.cavedesamandiers.ch\\\/de\\\/produkt\\\/petite-arvine-en-anze-2023\\\/\"]}]},{\"@type\":\"ImageObject\",\"inLanguage\":\"de\",\"@id\":\"https:\\\/\\\/www.cavedesamandiers.ch\\\/de\\\/produkt\\\/petite-arvine-en-anze-2023\\\/#primaryimage\",\"url\":\"https:\\\/\\\/www.cavedesamandiers.ch\\\/wp-content\\\/uploads\\\/2025\\\/09\\\/En-Anze_DET.png\",\"contentUrl\":\"https:\\\/\\\/www.cavedesamandiers.ch\\\/wp-content\\\/uploads\\\/2025\\\/09\\\/En-Anze_DET.png\",\"width\":2500,\"height\":2500},{\"@type\":\"BreadcrumbList\",\"@id\":\"https:\\\/\\\/www.cavedesamandiers.ch\\\/de\\\/produkt\\\/petite-arvine-en-anze-2023\\\/#breadcrumb\",\"itemListElement\":[{\"@type\":\"ListItem\",\"position\":1,\"name\":\"Accueil\",\"item\":\"https:\\\/\\\/www.cavedesamandiers.ch\\\/de\\\/\"},{\"@type\":\"ListItem\",\"position\":2,\"name\":\"Weines\",\"item\":\"https:\\\/\\\/www.cavedesamandiers.ch\\\/de\\\/boutique\\\/\"},{\"@type\":\"ListItem\",\"position\":3,\"name\":\"En Anz\u00e9 &#8211; Petite Arvine\"}]},{\"@type\":\"WebSite\",\"@id\":\"https:\\\/\\\/www.cavedesamandiers.ch\\\/de\\\/#website\",\"url\":\"https:\\\/\\\/www.cavedesamandiers.ch\\\/de\\\/\",\"name\":\"Cave des Amandiers\",\"description\":\"\u00abIl faut r\u00eaver tr\u00e8s haut pour ne pas r\u00e9aliser trop bas\u00bb\",\"potentialAction\":[{\"@type\":\"SearchAction\",\"target\":{\"@type\":\"EntryPoint\",\"urlTemplate\":\"https:\\\/\\\/www.cavedesamandiers.ch\\\/de\\\/?s={search_term_string}\"},\"query-input\":{\"@type\":\"PropertyValueSpecification\",\"valueRequired\":true,\"valueName\":\"search_term_string\"}}],\"inLanguage\":\"de\"}]}<\/script>\n<!-- \/ Yoast SEO plugin. -->","yoast_head_json":{"title":"En Anz\u00e9 - Petite Arvine - Cave des Amandiers","robots":{"index":"index","follow":"follow","max-snippet":"max-snippet:-1","max-image-preview":"max-image-preview:large","max-video-preview":"max-video-preview:-1"},"canonical":"https:\/\/www.cavedesamandiers.ch\/de\/produkt\/petite-arvine-en-anze-2023\/","og_locale":"de_DE","og_type":"article","og_title":"En Anz\u00e9 - Petite Arvine - Cave des Amandiers","og_description":"Ein Ausdruck voller Finesse und Sanftheit des Terroirs von Saillon \u2013 ein Arvine, der in seiner Jugend sehr ausdrucksstark ist, aber auch gut altern kann. Dieser Petite Arvine stammt aus einem der sch\u00f6nsten Terroirs von Saillon und besticht durch eine Nase von Zitrusfr\u00fcchten, Orangenbl\u00fcten und Jasmin. Am Gaumen ist er vollmundig, reichhaltig, aber frisch, vollkommen trocken und mit einem Abgang, den man als mineralisch bezeichnen w\u00fcrde.","og_url":"https:\/\/www.cavedesamandiers.ch\/de\/produkt\/petite-arvine-en-anze-2023\/","og_site_name":"Cave des Amandiers","article_modified_time":"2026-04-13T09:59:44+00:00","og_image":[{"width":2500,"height":2500,"url":"https:\/\/www.cavedesamandiers.ch\/wp-content\/uploads\/2025\/09\/En-Anze_DET.png","type":"image\/png"}],"twitter_card":"summary_large_image","twitter_misc":{"Gesch\u00e4tzte Lesezeit":"1\u00a0Minute"},"schema":{"@context":"https:\/\/schema.org","@graph":[{"@type":"WebPage","@id":"https:\/\/www.cavedesamandiers.ch\/de\/produkt\/petite-arvine-en-anze-2023\/","url":"https:\/\/www.cavedesamandiers.ch\/de\/produkt\/petite-arvine-en-anze-2023\/","name":"En Anz\u00e9 - Petite Arvine - Cave des Amandiers","isPartOf":{"@id":"https:\/\/www.cavedesamandiers.ch\/de\/#website"},"primaryImageOfPage":{"@id":"https:\/\/www.cavedesamandiers.ch\/de\/produkt\/petite-arvine-en-anze-2023\/#primaryimage"},"image":{"@id":"https:\/\/www.cavedesamandiers.ch\/de\/produkt\/petite-arvine-en-anze-2023\/#primaryimage"},"thumbnailUrl":"https:\/\/www.cavedesamandiers.ch\/wp-content\/uploads\/2025\/09\/En-Anze_DET.png","datePublished":"2025-06-18T07:42:41+00:00","dateModified":"2026-04-13T09:59:44+00:00","breadcrumb":{"@id":"https:\/\/www.cavedesamandiers.ch\/de\/produkt\/petite-arvine-en-anze-2023\/#breadcrumb"},"inLanguage":"de","potentialAction":[{"@type":"ReadAction","target":["https:\/\/www.cavedesamandiers.ch\/de\/produkt\/petite-arvine-en-anze-2023\/"]}]},{"@type":"ImageObject","inLanguage":"de","@id":"https:\/\/www.cavedesamandiers.ch\/de\/produkt\/petite-arvine-en-anze-2023\/#primaryimage","url":"https:\/\/www.cavedesamandiers.ch\/wp-content\/uploads\/2025\/09\/En-Anze_DET.png","contentUrl":"https:\/\/www.cavedesamandiers.ch\/wp-content\/uploads\/2025\/09\/En-Anze_DET.png","width":2500,"height":2500},{"@type":"BreadcrumbList","@id":"https:\/\/www.cavedesamandiers.ch\/de\/produkt\/petite-arvine-en-anze-2023\/#breadcrumb","itemListElement":[{"@type":"ListItem","position":1,"name":"Accueil","item":"https:\/\/www.cavedesamandiers.ch\/de\/"},{"@type":"ListItem","position":2,"name":"Weines","item":"https:\/\/www.cavedesamandiers.ch\/de\/boutique\/"},{"@type":"ListItem","position":3,"name":"En Anz\u00e9 &#8211; Petite Arvine"}]},{"@type":"WebSite","@id":"https:\/\/www.cavedesamandiers.ch\/de\/#website","url":"https:\/\/www.cavedesamandiers.ch\/de\/","name":"Cave des Amandiers","description":"\u00abIl faut r\u00eaver tr\u00e8s haut pour ne pas r\u00e9aliser trop bas\u00bb","potentialAction":[{"@type":"SearchAction","target":{"@type":"EntryPoint","urlTemplate":"https:\/\/www.cavedesamandiers.ch\/de\/?s={search_term_string}"},"query-input":{"@type":"PropertyValueSpecification","valueRequired":true,"valueName":"search_term_string"}}],"inLanguage":"de"}]}},"_links":{"self":[{"href":"https:\/\/www.cavedesamandiers.ch\/de\/wp-json\/wp\/v2\/product\/20201","targetHints":{"allow":["GET"]}}],"collection":[{"href":"https:\/\/www.cavedesamandiers.ch\/de\/wp-json\/wp\/v2\/product"}],"about":[{"href":"https:\/\/www.cavedesamandiers.ch\/de\/wp-json\/wp\/v2\/types\/product"}],"wp:featuredmedia":[{"embeddable":true,"href":"https:\/\/www.cavedesamandiers.ch\/de\/wp-json\/wp\/v2\/media\/20502"}],"wp:attachment":[{"href":"https:\/\/www.cavedesamandiers.ch\/de\/wp-json\/wp\/v2\/media?parent=20201"}],"wp:term":[{"taxonomy":"product_brand","embeddable":true,"href":"https:\/\/www.cavedesamandiers.ch\/de\/wp-json\/wp\/v2\/product_brand?post=20201"},{"taxonomy":"product_cat","embeddable":true,"href":"https:\/\/www.cavedesamandiers.ch\/de\/wp-json\/wp\/v2\/product_cat?post=20201"},{"taxonomy":"product_tag","embeddable":true,"href":"https:\/\/www.cavedesamandiers.ch\/de\/wp-json\/wp\/v2\/product_tag?post=20201"}],"curies":[{"name":"wp","href":"https:\/\/api.w.org\/{rel}","templated":true}]}}