{"id":20179,"date":"2020-05-12T12:19:47","date_gmt":"2020-05-12T12:19:47","guid":{"rendered":"https:\/\/www.cavedesamandiers.ch\/product\/heida-2022\/"},"modified":"2025-09-24T10:59:39","modified_gmt":"2025-09-24T08:59:39","slug":"heida-2022","status":"publish","type":"product","link":"https:\/\/www.cavedesamandiers.ch\/de\/produkt\/heida-2022\/","title":{"rendered":"Heida 2022"},"content":{"rendered":"<p><strong>Die herrliche Rebsorte wird im franz\u00f6sischsprachigen Wallis \u00abPa\u00efen\u00bb und im deutschsprachigen Teil \u00abHeida\u00bb genannt.<\/strong> Er pr\u00e4sentiert sich hier mit blumigen Akzenten und entwickelt sich dann zu Noten von exotischen Fr\u00fcchten wie Mango und Limette. Am Gaumen zeigt er eine herrliche Frische und Lebhaftigkeit. Nach einigen Monaten in der Flasche gewinnt er an F\u00fclle, Volumen und Rundheit.<\/p>\n","protected":false},"excerpt":{"rendered":"<p>Leytron ist ein gut drainiertes Schiefer- und Kalkterroir, ideal f\u00fcr den Savagnin Blanc. Der Schieferboden verleiht dem Wein Mineralit\u00e4t und Finesse, w\u00e4hrend der Kalkstein f\u00fcr eine gute Struktur sorgt.<\/p>\n","protected":false},"featured_media":20181,"template":"","meta":[],"product_brand":[],"product_cat":[211],"product_tag":[],"class_list":{"0":"post-20179","1":"product","2":"type-product","3":"status-publish","4":"has-post-thumbnail","6":"product_cat-geist-cave-des-amandiers","8":"first","9":"instock","10":"taxable","11":"shipping-taxable","12":"purchasable","13":"product-type-simple"},"yoast_head":"<!-- This site is optimized with the Yoast SEO plugin v26.2 - https:\/\/yoast.com\/wordpress\/plugins\/seo\/ -->\n<title>Heida 2022 - Cave des Amandiers<\/title>\n<meta name=\"robots\" content=\"index, follow, max-snippet:-1, max-image-preview:large, max-video-preview:-1\" \/>\n<link rel=\"canonical\" href=\"https:\/\/www.cavedesamandiers.ch\/de\/produkt\/heida-2022\/\" \/>\n<meta property=\"og:locale\" content=\"de_DE\" \/>\n<meta property=\"og:type\" content=\"article\" \/>\n<meta property=\"og:title\" content=\"Heida 2022 - Cave des Amandiers\" \/>\n<meta property=\"og:description\" content=\"Leytron ist ein gut drainiertes Schiefer- und Kalkterroir, ideal f\u00fcr den Savagnin Blanc. Der Schieferboden verleiht dem Wein Mineralit\u00e4t und Finesse, w\u00e4hrend der Kalkstein f\u00fcr eine gute Struktur sorgt.\" \/>\n<meta property=\"og:url\" content=\"https:\/\/www.cavedesamandiers.ch\/de\/produkt\/heida-2022\/\" \/>\n<meta property=\"og:site_name\" content=\"Cave des Amandiers\" \/>\n<meta property=\"article:modified_time\" content=\"2025-09-24T08:59:39+00:00\" \/>\n<meta property=\"og:image\" content=\"https:\/\/www.cavedesamandiers.ch\/wp-content\/uploads\/2025\/06\/Heida.jpg\" \/>\n\t<meta property=\"og:image:width\" content=\"1920\" \/>\n\t<meta property=\"og:image:height\" content=\"1920\" \/>\n\t<meta property=\"og:image:type\" content=\"image\/jpeg\" \/>\n<meta name=\"twitter:card\" content=\"summary_large_image\" \/>\n<script type=\"application\/ld+json\" class=\"yoast-schema-graph\">{\"@context\":\"https:\/\/schema.org\",\"@graph\":[{\"@type\":\"WebPage\",\"@id\":\"https:\/\/www.cavedesamandiers.ch\/de\/produkt\/heida-2022\/\",\"url\":\"https:\/\/www.cavedesamandiers.ch\/de\/produkt\/heida-2022\/\",\"name\":\"Heida 2022 - Cave des Amandiers\",\"isPartOf\":{\"@id\":\"https:\/\/www.cavedesamandiers.ch\/de\/#website\"},\"primaryImageOfPage\":{\"@id\":\"https:\/\/www.cavedesamandiers.ch\/de\/produkt\/heida-2022\/#primaryimage\"},\"image\":{\"@id\":\"https:\/\/www.cavedesamandiers.ch\/de\/produkt\/heida-2022\/#primaryimage\"},\"thumbnailUrl\":\"https:\/\/www.cavedesamandiers.ch\/wp-content\/uploads\/2025\/06\/Heida.jpg\",\"datePublished\":\"2020-05-12T12:19:47+00:00\",\"dateModified\":\"2025-09-24T08:59:39+00:00\",\"breadcrumb\":{\"@id\":\"https:\/\/www.cavedesamandiers.ch\/de\/produkt\/heida-2022\/#breadcrumb\"},\"inLanguage\":\"de\",\"potentialAction\":[{\"@type\":\"ReadAction\",\"target\":[\"https:\/\/www.cavedesamandiers.ch\/de\/produkt\/heida-2022\/\"]}]},{\"@type\":\"ImageObject\",\"inLanguage\":\"de\",\"@id\":\"https:\/\/www.cavedesamandiers.ch\/de\/produkt\/heida-2022\/#primaryimage\",\"url\":\"https:\/\/www.cavedesamandiers.ch\/wp-content\/uploads\/2025\/06\/Heida.jpg\",\"contentUrl\":\"https:\/\/www.cavedesamandiers.ch\/wp-content\/uploads\/2025\/06\/Heida.jpg\",\"width\":1920,\"height\":1920},{\"@type\":\"BreadcrumbList\",\"@id\":\"https:\/\/www.cavedesamandiers.ch\/de\/produkt\/heida-2022\/#breadcrumb\",\"itemListElement\":[{\"@type\":\"ListItem\",\"position\":1,\"name\":\"Accueil\",\"item\":\"https:\/\/www.cavedesamandiers.ch\/de\/\"},{\"@type\":\"ListItem\",\"position\":2,\"name\":\"Weines\",\"item\":\"https:\/\/www.cavedesamandiers.ch\/de\/boutique\/\"},{\"@type\":\"ListItem\",\"position\":3,\"name\":\"Heida 2022\"}]},{\"@type\":\"WebSite\",\"@id\":\"https:\/\/www.cavedesamandiers.ch\/de\/#website\",\"url\":\"https:\/\/www.cavedesamandiers.ch\/de\/\",\"name\":\"Cave des Amandiers\",\"description\":\"\u00abIl faut r\u00eaver tr\u00e8s haut pour ne pas r\u00e9aliser trop bas\u00bb\",\"potentialAction\":[{\"@type\":\"SearchAction\",\"target\":{\"@type\":\"EntryPoint\",\"urlTemplate\":\"https:\/\/www.cavedesamandiers.ch\/de\/?s={search_term_string}\"},\"query-input\":{\"@type\":\"PropertyValueSpecification\",\"valueRequired\":true,\"valueName\":\"search_term_string\"}}],\"inLanguage\":\"de\"}]}<\/script>\n<!-- \/ Yoast SEO plugin. -->","yoast_head_json":{"title":"Heida 2022 - Cave des Amandiers","robots":{"index":"index","follow":"follow","max-snippet":"max-snippet:-1","max-image-preview":"max-image-preview:large","max-video-preview":"max-video-preview:-1"},"canonical":"https:\/\/www.cavedesamandiers.ch\/de\/produkt\/heida-2022\/","og_locale":"de_DE","og_type":"article","og_title":"Heida 2022 - Cave des Amandiers","og_description":"Leytron ist ein gut drainiertes Schiefer- und Kalkterroir, ideal f\u00fcr den Savagnin Blanc. Der Schieferboden verleiht dem Wein Mineralit\u00e4t und Finesse, w\u00e4hrend der Kalkstein f\u00fcr eine gute Struktur sorgt.","og_url":"https:\/\/www.cavedesamandiers.ch\/de\/produkt\/heida-2022\/","og_site_name":"Cave des Amandiers","article_modified_time":"2025-09-24T08:59:39+00:00","og_image":[{"width":1920,"height":1920,"url":"https:\/\/www.cavedesamandiers.ch\/wp-content\/uploads\/2025\/06\/Heida.jpg","type":"image\/jpeg"}],"twitter_card":"summary_large_image","schema":{"@context":"https:\/\/schema.org","@graph":[{"@type":"WebPage","@id":"https:\/\/www.cavedesamandiers.ch\/de\/produkt\/heida-2022\/","url":"https:\/\/www.cavedesamandiers.ch\/de\/produkt\/heida-2022\/","name":"Heida 2022 - Cave des Amandiers","isPartOf":{"@id":"https:\/\/www.cavedesamandiers.ch\/de\/#website"},"primaryImageOfPage":{"@id":"https:\/\/www.cavedesamandiers.ch\/de\/produkt\/heida-2022\/#primaryimage"},"image":{"@id":"https:\/\/www.cavedesamandiers.ch\/de\/produkt\/heida-2022\/#primaryimage"},"thumbnailUrl":"https:\/\/www.cavedesamandiers.ch\/wp-content\/uploads\/2025\/06\/Heida.jpg","datePublished":"2020-05-12T12:19:47+00:00","dateModified":"2025-09-24T08:59:39+00:00","breadcrumb":{"@id":"https:\/\/www.cavedesamandiers.ch\/de\/produkt\/heida-2022\/#breadcrumb"},"inLanguage":"de","potentialAction":[{"@type":"ReadAction","target":["https:\/\/www.cavedesamandiers.ch\/de\/produkt\/heida-2022\/"]}]},{"@type":"ImageObject","inLanguage":"de","@id":"https:\/\/www.cavedesamandiers.ch\/de\/produkt\/heida-2022\/#primaryimage","url":"https:\/\/www.cavedesamandiers.ch\/wp-content\/uploads\/2025\/06\/Heida.jpg","contentUrl":"https:\/\/www.cavedesamandiers.ch\/wp-content\/uploads\/2025\/06\/Heida.jpg","width":1920,"height":1920},{"@type":"BreadcrumbList","@id":"https:\/\/www.cavedesamandiers.ch\/de\/produkt\/heida-2022\/#breadcrumb","itemListElement":[{"@type":"ListItem","position":1,"name":"Accueil","item":"https:\/\/www.cavedesamandiers.ch\/de\/"},{"@type":"ListItem","position":2,"name":"Weines","item":"https:\/\/www.cavedesamandiers.ch\/de\/boutique\/"},{"@type":"ListItem","position":3,"name":"Heida 2022"}]},{"@type":"WebSite","@id":"https:\/\/www.cavedesamandiers.ch\/de\/#website","url":"https:\/\/www.cavedesamandiers.ch\/de\/","name":"Cave des Amandiers","description":"\u00abIl faut r\u00eaver tr\u00e8s haut pour ne pas r\u00e9aliser trop bas\u00bb","potentialAction":[{"@type":"SearchAction","target":{"@type":"EntryPoint","urlTemplate":"https:\/\/www.cavedesamandiers.ch\/de\/?s={search_term_string}"},"query-input":{"@type":"PropertyValueSpecification","valueRequired":true,"valueName":"search_term_string"}}],"inLanguage":"de"}]}},"_links":{"self":[{"href":"https:\/\/www.cavedesamandiers.ch\/de\/wp-json\/wp\/v2\/product\/20179","targetHints":{"allow":["GET"]}}],"collection":[{"href":"https:\/\/www.cavedesamandiers.ch\/de\/wp-json\/wp\/v2\/product"}],"about":[{"href":"https:\/\/www.cavedesamandiers.ch\/de\/wp-json\/wp\/v2\/types\/product"}],"wp:featuredmedia":[{"embeddable":true,"href":"https:\/\/www.cavedesamandiers.ch\/de\/wp-json\/wp\/v2\/media\/20181"}],"wp:attachment":[{"href":"https:\/\/www.cavedesamandiers.ch\/de\/wp-json\/wp\/v2\/media?parent=20179"}],"wp:term":[{"taxonomy":"product_brand","embeddable":true,"href":"https:\/\/www.cavedesamandiers.ch\/de\/wp-json\/wp\/v2\/product_brand?post=20179"},{"taxonomy":"product_cat","embeddable":true,"href":"https:\/\/www.cavedesamandiers.ch\/de\/wp-json\/wp\/v2\/product_cat?post=20179"},{"taxonomy":"product_tag","embeddable":true,"href":"https:\/\/www.cavedesamandiers.ch\/de\/wp-json\/wp\/v2\/product_tag?post=20179"}],"curies":[{"name":"wp","href":"https:\/\/api.w.org\/{rel}","templated":true}]}}