{"id":20377,"date":"2025-09-29T07:41:15","date_gmt":"2025-09-29T05:41:15","guid":{"rendered":"https:\/\/www.cavedesamandiers.ch\/?page_id=20377"},"modified":"2025-09-29T08:24:18","modified_gmt":"2025-09-29T06:24:18","slug":"allgemeine-geschaeftsbedingungen","status":"publish","type":"page","link":"https:\/\/www.cavedesamandiers.ch\/de\/allgemeine-geschaeftsbedingungen\/","title":{"rendered":"Allgemeine Gesch\u00e4ftsbedingungen"},"content":{"rendered":"\n<h2 class=\"wp-block-heading\"><strong>Allgemeine Gesch\u00e4ftsbedingungen<\/strong><\/h2>\n\n\n\n<p><strong>1. Preise und Verkaufsbedingungen:<\/strong><\/p>\n\n\n\n<p><em>\u200b<\/em>&#8211; Die angegebenen Preise sind in Schweizer Franken (CHF) pro Flasche.<\/p>\n\n\n\n<p>&#8211; Unsere Preise verstehen sich ab Keller, inklusive Mehrwertsteuer.<\/p>\n\n\n\n<p>&#8211; Zahlung innerhalb von 10 Tagen nach Rechnungsstellung oder in bar.<\/p>\n\n\n\n<p>&#8211; F\u00fcr alle Neukunden oder bei jeder Erstbestellung muss die vollst\u00e4ndige Zahlung vor der Lieferung oder dem Versand erfolgen.<\/p>\n\n\n\n<p>&#8211; F\u00fcr Kunden mit Wohnsitz au\u00dferhalb der Schweiz ist jede Bestellung im Voraus per Bank\u00fcberweisung zu bezahlen (einschlie\u00dflich Versandkosten).<\/p>\n\n\n\n<p>&#8211; Die Weine bleiben bis zur vollst\u00e4ndigen Bezahlung der Rechnung Eigentum der Cave des Amandiers.<\/p>\n\n\n\n<p><strong>2. Verkaufsverbot an Minderj\u00e4hrige<\/strong><\/p>\n\n\n\n<p>&#8211; Mit der Annahme der Allgemeinen Gesch\u00e4ftsbedingungen best\u00e4tigt der Kunde, dass er mindestens<\/p>\n\n\n\n<p>16 Jahre alt ist, wie es das Gesetz f\u00fcr den Verkauf von Wein, Apfelwein und Bier vorsieht.<\/p>\n\n\n\n<p><strong>3. Lieferung und Versandkosten<\/strong><\/p>\n\n\n\n<p>&#8211; Die Versandkosten werden zus\u00e4tzlich berechnet (Link zur Versandkostentabelle) gem\u00e4\u00df der Preisliste des Transportunternehmens. Ab einem Bestellwert von CHF 900.- inkl. MwSt. entfallen die Versandkosten.<\/p>\n\n\n\n<p>\u200b- Nach der Lieferung werden Weine in der Regel weder zur\u00fcckgenommen noch umgetauscht, es sei denn, es wurde eine besondere und spezifische Vereinbarung schriftlich mit der Cave des Amandiers SA getroffen. In diesem Fall werden nur Kartons und Flaschen in einwandfreiem Zustand zur\u00fcckgenommen und von der Schlussrechnung abgezogen; angebrochene Kartons und schlecht gelagerte Weine werden automatisch abgelehnt und dem K\u00e4ufer in Rechnung gestellt.<\/p>\n\n\n\n<p>&#8211; Der Kunde best\u00e4tigt den Erhalt einer Weinlieferung, sobald er selbst oder einer seiner Mitarbeiter, auch wenn dieser kein Gesch\u00e4ftsf\u00fchrer des Unternehmens ist, den Lieferschein unterzeichnet hat, der seiner Weinbestellung beiliegt.<\/p>\n\n\n\n<p><em>4. Abholung der bestellten Weine<\/em><\/p>\n\n\n\n<p><em>\u200b<\/em>&#8211; Die bestellten Weine m\u00fcssen innerhalb von 60 Tagen ab Bestelldatum abgeholt werden. Nach Ablauf dieser Frist werden die Weine per Spediteur versandt und die Versandkosten in Rechnung gestellt.<\/p>\n\n\n\n<p>&#8211; Bei Vorbestellungen (Reservierungen) beginnt die Frist f\u00fcr die Abholung der Weine mit der Abf\u00fcllung.<\/p>\n\n\n\n<p><strong>5. Online-Verk\u00e4ufe<\/strong><\/p>\n\n\n\n<p>&#8211; Verk\u00e4ufe \u00fcber die Website der Cave des Amandiers SA unter<\/p>\n\n\n\n<p><a href=\"https:\/\/www.cavedesamandiers.ch\/\">www.cavedesamandiers.ch<\/a>&nbsp;get\u00e4tigten Verk\u00e4ufe werden automatisch per Spediteur oder per Post an den K\u00e4ufer versandt.<\/p>\n\n\n\n<p>&#8211; Die Bezahlung der Weine erfolgt vor dem Versand.<\/p>\n\n\n\n<p><strong>6. Korkgeschmack, defekte Flaschen<\/strong><\/p>\n\n\n\n<p>&#8211; Der Korken ist ein Naturprodukt, das die Reifung des Weins erm\u00f6glicht, aber manchmal auch, gegen unseren Willen, den Wein ver\u00e4ndern kann. La Cave des Amandiers SA lehnt jede Verantwortung im Falle eines \u201eKorkgeschmacks\u201d ab. Nach R\u00fccksprache mit dem Kunden werden die Weine jedoch ersetzt, sofern die korkigen oder defekten Flaschen zu 3\/4 voll und mit dem Originalkorken zur\u00fcckgegeben werden.<\/p>\n\n\n\n<p><strong>7. Als Primeur verkaufte Weine<\/strong><\/p>\n\n\n\n<p>&#8211; Wenn die als Primeur verkauften Weine nicht geliefert werden k\u00f6nnen, hat der Kunde nur Anspruch auf R\u00fcckerstattung des von ihm bezahlten Preises, unter Ausschluss jeglicher weiterer Schadensersatzanspr\u00fcche.<\/p>\n\n\n\n<p><strong>8. Verpflichtung von Gastronomen und Wiederverk\u00e4ufern (H\u00e4ndler, Gro\u00dfh\u00e4ndler, Weinh\u00e4ndler usw.)<\/strong><\/p>\n\n\n\n<p>\u2013 Mit dem Kauf unserer Weine verpflichtet sich der Gastronom, f\u00fcr einen qualitativ hochwertigen Vertrieb und eine angemessene Pr\u00e4sentation unserer Weine zu sorgen:<\/p>\n\n\n\n<p>\u2013 Unsere Flaschen d\u00fcrfen nicht in Schaufenstern ausgestellt werden. Sie m\u00fcssen in einem Raum gelagert werden, in dem Temperatur, Luftfeuchtigkeit und Lichteinwirkung angemessen sind.<\/p>\n\n\n\n<p>&#8211; Ohne vorherige schriftliche Anfrage und schriftliche Best\u00e4tigung durch die Cave des Amandiers SA d\u00fcrfen keine Werbeaktionen oder Sonderverk\u00e4ufe f\u00fcr unsere Weine durchgef\u00fchrt werden.<\/p>\n\n\n\n<p><strong>9. Verf\u00fcgbarkeit<\/strong><\/p>\n\n\n\n<p>&#8211; Alle unsere Weine stammen aus streng limitierten Ernten, und da die Jahrg\u00e4nge von Jahr zu Jahr unterschiedlich sind, kann die Produktion stark schwanken. Aus diesem Grund behalten wir uns das Recht vor, die bestellten Mengen entsprechend unserer Verf\u00fcgbarkeit anzupassen.<\/p>\n\n\n\n<p>&#8211; Wenn ein Jahrgang eines Weins nicht mehr verf\u00fcgbar ist, beh\u00e4lt sich die Cave des Amandiers SA das Recht vor, anstelle des fehlenden Weins den neuen Jahrgang desselben Weins zu versenden.<\/p>\n\n\n\n<p>&#8211; Die Cave des Amandiers SA beh\u00e4lt sich das Recht vor, das Sortiment, die Preise und Verkaufsbedingungen sowie die Versandkosten jederzeit und ohne Vorank\u00fcndigung zu \u00e4ndern.<\/p>\n\n\n\n<p><strong>10. G\u00fcltigkeit der Allgemeinen Verkaufsbedingungen<\/strong><\/p>\n\n\n\n<p>&#8211; Jede Bestellung von Weinen bei der Cave des Amandiers SA setzt die vorbehaltlose Annahme der vorliegenden Allgemeinen Verkaufsbedingungen voraus.<\/p>\n\n\n\n<p>&#8211; Die Parteien erkl\u00e4ren ausdr\u00fccklich, dass alle Streitigkeiten, die sich aus diesem Vertrag oder im Zusammenhang mit diesem ergeben, nach Schweizer Recht beigelegt werden und dass der Gerichtsstand in Martigny (Gericht von Martigny und Saint-Maurice) liegt.<\/p>\n\n\n\n<p><\/p>\n","protected":false},"excerpt":{"rendered":"<p>Allgemeine Gesch\u00e4ftsbedingungen 1. Preise und Verkaufsbedingungen: \u200b&#8211; Die angegebenen Preise sind in Schweizer Franken (CHF) pro Flasche. &#8211; Unsere Preise verstehen sich ab Keller, inklusive Mehrwertsteuer. &#8211; Zahlung innerhalb von&hellip;<\/p>\n","protected":false},"author":2,"featured_media":0,"parent":0,"menu_order":0,"comment_status":"closed","ping_status":"closed","template":"","meta":{"footnotes":""},"class_list":["post-20377","page","type-page","status-publish","hentry"],"yoast_head":"<!-- This site is optimized with the Yoast SEO plugin v27.4 - https:\/\/yoast.com\/product\/yoast-seo-wordpress\/ -->\n<title>Allgemeine Gesch\u00e4ftsbedingungen - Cave des Amandiers<\/title>\n<meta name=\"robots\" content=\"index, follow, max-snippet:-1, max-image-preview:large, max-video-preview:-1\" \/>\n<link rel=\"canonical\" href=\"https:\/\/www.cavedesamandiers.ch\/de\/allgemeine-geschaeftsbedingungen\/\" \/>\n<meta property=\"og:locale\" content=\"de_DE\" \/>\n<meta property=\"og:type\" content=\"article\" \/>\n<meta property=\"og:title\" content=\"Allgemeine Gesch\u00e4ftsbedingungen - Cave des Amandiers\" \/>\n<meta property=\"og:description\" content=\"Allgemeine Gesch\u00e4ftsbedingungen 1. Preise und Verkaufsbedingungen: \u200b&#8211; Die angegebenen Preise sind in Schweizer Franken (CHF) pro Flasche. &#8211; Unsere Preise verstehen sich ab Keller, inklusive Mehrwertsteuer. &#8211; Zahlung innerhalb von&hellip;\" \/>\n<meta property=\"og:url\" content=\"https:\/\/www.cavedesamandiers.ch\/de\/allgemeine-geschaeftsbedingungen\/\" \/>\n<meta property=\"og:site_name\" content=\"Cave des Amandiers\" \/>\n<meta property=\"article:modified_time\" content=\"2025-09-29T06:24:18+00:00\" \/>\n<meta name=\"twitter:card\" content=\"summary_large_image\" \/>\n<meta name=\"twitter:label1\" content=\"Gesch\u00e4tzte Lesezeit\" \/>\n\t<meta name=\"twitter:data1\" content=\"4\u00a0Minuten\" \/>\n<script type=\"application\/ld+json\" class=\"yoast-schema-graph\">{\"@context\":\"https:\\\/\\\/schema.org\",\"@graph\":[{\"@type\":\"WebPage\",\"@id\":\"https:\\\/\\\/www.cavedesamandiers.ch\\\/de\\\/allgemeine-geschaeftsbedingungen\\\/\",\"url\":\"https:\\\/\\\/www.cavedesamandiers.ch\\\/de\\\/allgemeine-geschaeftsbedingungen\\\/\",\"name\":\"Allgemeine Gesch\u00e4ftsbedingungen - Cave des Amandiers\",\"isPartOf\":{\"@id\":\"https:\\\/\\\/www.cavedesamandiers.ch\\\/de\\\/#website\"},\"datePublished\":\"2025-09-29T05:41:15+00:00\",\"dateModified\":\"2025-09-29T06:24:18+00:00\",\"breadcrumb\":{\"@id\":\"https:\\\/\\\/www.cavedesamandiers.ch\\\/de\\\/allgemeine-geschaeftsbedingungen\\\/#breadcrumb\"},\"inLanguage\":\"de\",\"potentialAction\":[{\"@type\":\"ReadAction\",\"target\":[\"https:\\\/\\\/www.cavedesamandiers.ch\\\/de\\\/allgemeine-geschaeftsbedingungen\\\/\"]}]},{\"@type\":\"BreadcrumbList\",\"@id\":\"https:\\\/\\\/www.cavedesamandiers.ch\\\/de\\\/allgemeine-geschaeftsbedingungen\\\/#breadcrumb\",\"itemListElement\":[{\"@type\":\"ListItem\",\"position\":1,\"name\":\"Accueil\",\"item\":\"https:\\\/\\\/www.cavedesamandiers.ch\\\/de\\\/\"},{\"@type\":\"ListItem\",\"position\":2,\"name\":\"Allgemeine Gesch\u00e4ftsbedingungen\"}]},{\"@type\":\"WebSite\",\"@id\":\"https:\\\/\\\/www.cavedesamandiers.ch\\\/de\\\/#website\",\"url\":\"https:\\\/\\\/www.cavedesamandiers.ch\\\/de\\\/\",\"name\":\"Cave des Amandiers\",\"description\":\"\u00abIl faut r\u00eaver tr\u00e8s haut pour ne pas r\u00e9aliser trop bas\u00bb\",\"potentialAction\":[{\"@type\":\"SearchAction\",\"target\":{\"@type\":\"EntryPoint\",\"urlTemplate\":\"https:\\\/\\\/www.cavedesamandiers.ch\\\/de\\\/?s={search_term_string}\"},\"query-input\":{\"@type\":\"PropertyValueSpecification\",\"valueRequired\":true,\"valueName\":\"search_term_string\"}}],\"inLanguage\":\"de\"}]}<\/script>\n<!-- \/ Yoast SEO plugin. -->","yoast_head_json":{"title":"Allgemeine Gesch\u00e4ftsbedingungen - Cave des Amandiers","robots":{"index":"index","follow":"follow","max-snippet":"max-snippet:-1","max-image-preview":"max-image-preview:large","max-video-preview":"max-video-preview:-1"},"canonical":"https:\/\/www.cavedesamandiers.ch\/de\/allgemeine-geschaeftsbedingungen\/","og_locale":"de_DE","og_type":"article","og_title":"Allgemeine Gesch\u00e4ftsbedingungen - Cave des Amandiers","og_description":"Allgemeine Gesch\u00e4ftsbedingungen 1. Preise und Verkaufsbedingungen: \u200b&#8211; Die angegebenen Preise sind in Schweizer Franken (CHF) pro Flasche. &#8211; Unsere Preise verstehen sich ab Keller, inklusive Mehrwertsteuer. &#8211; Zahlung innerhalb von&hellip;","og_url":"https:\/\/www.cavedesamandiers.ch\/de\/allgemeine-geschaeftsbedingungen\/","og_site_name":"Cave des Amandiers","article_modified_time":"2025-09-29T06:24:18+00:00","twitter_card":"summary_large_image","twitter_misc":{"Gesch\u00e4tzte Lesezeit":"4\u00a0Minuten"},"schema":{"@context":"https:\/\/schema.org","@graph":[{"@type":"WebPage","@id":"https:\/\/www.cavedesamandiers.ch\/de\/allgemeine-geschaeftsbedingungen\/","url":"https:\/\/www.cavedesamandiers.ch\/de\/allgemeine-geschaeftsbedingungen\/","name":"Allgemeine Gesch\u00e4ftsbedingungen - Cave des Amandiers","isPartOf":{"@id":"https:\/\/www.cavedesamandiers.ch\/de\/#website"},"datePublished":"2025-09-29T05:41:15+00:00","dateModified":"2025-09-29T06:24:18+00:00","breadcrumb":{"@id":"https:\/\/www.cavedesamandiers.ch\/de\/allgemeine-geschaeftsbedingungen\/#breadcrumb"},"inLanguage":"de","potentialAction":[{"@type":"ReadAction","target":["https:\/\/www.cavedesamandiers.ch\/de\/allgemeine-geschaeftsbedingungen\/"]}]},{"@type":"BreadcrumbList","@id":"https:\/\/www.cavedesamandiers.ch\/de\/allgemeine-geschaeftsbedingungen\/#breadcrumb","itemListElement":[{"@type":"ListItem","position":1,"name":"Accueil","item":"https:\/\/www.cavedesamandiers.ch\/de\/"},{"@type":"ListItem","position":2,"name":"Allgemeine Gesch\u00e4ftsbedingungen"}]},{"@type":"WebSite","@id":"https:\/\/www.cavedesamandiers.ch\/de\/#website","url":"https:\/\/www.cavedesamandiers.ch\/de\/","name":"Cave des Amandiers","description":"\u00abIl faut r\u00eaver tr\u00e8s haut pour ne pas r\u00e9aliser trop bas\u00bb","potentialAction":[{"@type":"SearchAction","target":{"@type":"EntryPoint","urlTemplate":"https:\/\/www.cavedesamandiers.ch\/de\/?s={search_term_string}"},"query-input":{"@type":"PropertyValueSpecification","valueRequired":true,"valueName":"search_term_string"}}],"inLanguage":"de"}]}},"_links":{"self":[{"href":"https:\/\/www.cavedesamandiers.ch\/de\/wp-json\/wp\/v2\/pages\/20377","targetHints":{"allow":["GET"]}}],"collection":[{"href":"https:\/\/www.cavedesamandiers.ch\/de\/wp-json\/wp\/v2\/pages"}],"about":[{"href":"https:\/\/www.cavedesamandiers.ch\/de\/wp-json\/wp\/v2\/types\/page"}],"author":[{"embeddable":true,"href":"https:\/\/www.cavedesamandiers.ch\/de\/wp-json\/wp\/v2\/users\/2"}],"replies":[{"embeddable":true,"href":"https:\/\/www.cavedesamandiers.ch\/de\/wp-json\/wp\/v2\/comments?post=20377"}],"version-history":[{"count":1,"href":"https:\/\/www.cavedesamandiers.ch\/de\/wp-json\/wp\/v2\/pages\/20377\/revisions"}],"predecessor-version":[{"id":20378,"href":"https:\/\/www.cavedesamandiers.ch\/de\/wp-json\/wp\/v2\/pages\/20377\/revisions\/20378"}],"wp:attachment":[{"href":"https:\/\/www.cavedesamandiers.ch\/de\/wp-json\/wp\/v2\/media?parent=20377"}],"curies":[{"name":"wp","href":"https:\/\/api.w.org\/{rel}","templated":true}]}}